{"id":3323,"date":"2012-05-10T15:44:27","date_gmt":"2012-05-10T15:44:27","guid":{"rendered":"http:\/\/www.palmaequipmentrental.com\/product\/manfrotto-229-3d-head-2\/"},"modified":"2022-08-05T11:43:36","modified_gmt":"2022-08-05T11:43:36","slug":"manfrotto-229-3d-head","status":"publish","type":"product","link":"https:\/\/palmaequipmentrental.com\/de\/photo-video-equipment-mallorca\/manfrotto-229-3d-head\/","title":{"rendered":"Manfrotto 229 3D Head"},"content":{"rendered":"<p>Der <strong>Manfrotto 229 3D Kopf<\/strong> mit Schnellwechsel-Kameraplatte hat drei eingebaute Wasserwaagen f\u00fcr die horizontale und vertikale Kontrolle.<\/p>\n<p>Ausgestattet mit 6,35 mm und 9,5 mm Schrauben nach Industriestandard und der F\u00e4higkeit, Ger\u00e4te bis zu 12 kg zu halten, k\u00f6nnen Sie sich auf die Praxistauglichkeit dieses Stativkopfes verlassen. Der 3D-Super-Pro-Kopf ist dank seines Aluminiummaterials leicht und gleichzeitig sehr strapazierf\u00e4hig und eignet sich ideal f\u00fcr Ihren unmittelbaren fotografischen Einsatz.<\/p>\n<ul>\n<li>Feinbearbeitet f\u00fcr eine bessere Positionierung mit sanfter, sicherer Bewegung<\/li>\n<li>Unabh\u00e4ngige 3-Achsen-Steuerung f\u00fcr eine pr\u00e4zise Einstellung des Bildausschnitts<\/li>\n<li>Wasserwaage f\u00fcr pr\u00e4zisen Bildausschnitt<\/li>\n<li>Maximale Zuverl\u00e4ssigkeit dank des Aluminiumgeh\u00e4uses<\/li>\n<li>Schnellspannschuh f\u00fcr eine einfache und absolut sichere Einrichtung<\/li>\n<li>Gewicht 2 kg<\/li>\n<li>Durchmesser der Basis 66 mm<\/li>\n<li>Vordere Neigung -25\u00b0 \/ +90\u00b0<\/li>\n<li>Sicherheit Nutzlast Gewicht 12 kg<\/li>\n<\/ul>\n","protected":false},"excerpt":{"rendered":"<p>Der Manfrotto 229 3D Kopf mit Schnellwechsel-Kameraplatte hat drei eingebaute Wasserwaagen f\u00fcr die horizontale und vertikale Kontrolle. Ausgestattet mit 6,35 mm und 9,5 mm Schrauben nach Industriestandard und der F\u00e4higkeit, Ger\u00e4te bis zu 12 kg zu halten, k\u00f6nnen Sie sich auf die Praxistauglichkeit dieses Stativkopfes verlassen. Der 3D-Super-Pro-Kopf ist dank seines Aluminiummaterials leicht und gleichzeitig sehr strapazierf\u00e4hig und eignet sich [&hellip;]<\/p>\n","protected":false},"featured_media":9732,"template":"","meta":[],"product_cat":[144],"product_tag":[],"class_list":{"0":"post-3323","1":"product","2":"type-product","3":"status-publish","4":"has-post-thumbnail","6":"product_cat-kamerastative","8":"first","9":"instock","10":"shipping-taxable","11":"purchasable","12":"product-type-simple"},"_links":{"self":[{"href":"https:\/\/palmaequipmentrental.com\/de\/wp-json\/wp\/v2\/product\/3323","targetHints":{"allow":["GET"]}}],"collection":[{"href":"https:\/\/palmaequipmentrental.com\/de\/wp-json\/wp\/v2\/product"}],"about":[{"href":"https:\/\/palmaequipmentrental.com\/de\/wp-json\/wp\/v2\/types\/product"}],"wp:featuredmedia":[{"embeddable":true,"href":"https:\/\/palmaequipmentrental.com\/de\/wp-json\/wp\/v2\/media\/9732"}],"wp:attachment":[{"href":"https:\/\/palmaequipmentrental.com\/de\/wp-json\/wp\/v2\/media?parent=3323"}],"wp:term":[{"taxonomy":"product_cat","embeddable":true,"href":"https:\/\/palmaequipmentrental.com\/de\/wp-json\/wp\/v2\/product_cat?post=3323"},{"taxonomy":"product_tag","embeddable":true,"href":"https:\/\/palmaequipmentrental.com\/de\/wp-json\/wp\/v2\/product_tag?post=3323"}],"curies":[{"name":"wp","href":"https:\/\/api.w.org\/{rel}","templated":true}]}}