{"id":3325,"date":"2012-05-10T15:44:27","date_gmt":"2012-05-10T15:44:27","guid":{"rendered":"http:\/\/www.palmaequipmentrental.com\/product\/manfrotto-photo-movie-head-2\/"},"modified":"2022-08-05T11:43:37","modified_gmt":"2022-08-05T11:43:37","slug":"manfrotto-photo-movie-head","status":"publish","type":"product","link":"https:\/\/palmaequipmentrental.com\/de\/photo-video-equipment-mallorca\/manfrotto-photo-movie-head\/","title":{"rendered":"Manfrotto Foto-Movie Kopf"},"content":{"rendered":"<p>Der innovative Foto-Video Kopf wurde speziell f\u00fcr die neuesten DSLR mit HD Videofunktion entwickelt. Er stellt die beste und optimalste L\u00f6sung f\u00fcr diese Anwendung dar. Mit dem Kauf eines einzigen Stativkopfes k\u00f6nnen somit die Vorteile eines au\u00dfergew\u00f6hnlichen Foto Stativkopfes und eines funktionsreichen Videokopfes genutzt werden. Der einzigartige Wahlknopf, der zwischen Fotokopf- und Videoneiger ausw\u00e4hlen l\u00e4sst, erm\u00f6glicht den schnellen und unmittelbaren Wechsel vom Foto-Shooting zur Videoerstellung.<\/p>\n<p>Der Kopf bietet dabei das Beste aus beiden Bereichen.<\/p>\n<p>Im Foto-Modus liefert der Kopf Geschwindigkeit und maximalen Freiraum auf allen Achsen, vergleichbar mit einem Kugelkopf mit unglaublicher Pr\u00e4zision und bisher unbekannten weichen und kontrollierten Bewegungen dank Fluid-Patronen und Gegengewichtseinstellung.<\/p>\n<p>Im Video-Modus erm\u00f6glicht der funktionsreiche Video-Kopf pr\u00e4zise und weiche Schwenk- und Neigebewegungen f\u00fcr alle typischen Aufnahmesituationen einschlie\u00dflich Friktionskontrolle auf 2 Achsen. Der Schwenkarm ist f\u00fcr Rechts- und Linksh\u00e4nder geeignet und kann \u00fcber die enthaltene Klemme schnell am Stativbein angebracht oder entfernt werden.<\/p>\n<p><span style=\"font-family: Arial, Helvetica, sans-serif; color: #929292;\"><span style=\"font-size: 11px; line-height: normal;\">\u00a0<\/span><\/span><\/p>\n","protected":false},"excerpt":{"rendered":"<p>Der innovative Foto-Video Kopf wurde speziell f\u00fcr die neuesten DSLR mit HD Videofunktion entwickelt. Er stellt die beste und optimalste L\u00f6sung f\u00fcr diese Anwendung dar. Mit dem Kauf eines einzigen Stativkopfes k\u00f6nnen somit die Vorteile eines au\u00dfergew\u00f6hnlichen Foto Stativkopfes und eines funktionsreichen Videokopfes genutzt werden. Der einzigartige Wahlknopf, der zwischen Fotokopf- und Videoneiger ausw\u00e4hlen l\u00e4sst, erm\u00f6glicht den schnellen und unmittelbaren [&hellip;]<\/p>\n","protected":false},"featured_media":278,"template":"","meta":[],"product_cat":[144,171],"product_tag":[],"class_list":{"0":"post-3325","1":"product","2":"type-product","3":"status-publish","4":"has-post-thumbnail","6":"product_cat-kamerastative","7":"product_cat-kamerastative-de","9":"first","10":"instock","11":"shipping-taxable","12":"purchasable","13":"product-type-simple"},"_links":{"self":[{"href":"https:\/\/palmaequipmentrental.com\/de\/wp-json\/wp\/v2\/product\/3325","targetHints":{"allow":["GET"]}}],"collection":[{"href":"https:\/\/palmaequipmentrental.com\/de\/wp-json\/wp\/v2\/product"}],"about":[{"href":"https:\/\/palmaequipmentrental.com\/de\/wp-json\/wp\/v2\/types\/product"}],"wp:featuredmedia":[{"embeddable":true,"href":"https:\/\/palmaequipmentrental.com\/de\/wp-json\/wp\/v2\/media\/278"}],"wp:attachment":[{"href":"https:\/\/palmaequipmentrental.com\/de\/wp-json\/wp\/v2\/media?parent=3325"}],"wp:term":[{"taxonomy":"product_cat","embeddable":true,"href":"https:\/\/palmaequipmentrental.com\/de\/wp-json\/wp\/v2\/product_cat?post=3325"},{"taxonomy":"product_tag","embeddable":true,"href":"https:\/\/palmaequipmentrental.com\/de\/wp-json\/wp\/v2\/product_tag?post=3325"}],"curies":[{"name":"wp","href":"https:\/\/api.w.org\/{rel}","templated":true}]}}