{"id":3327,"date":"2012-05-10T15:44:27","date_gmt":"2012-05-10T15:44:27","guid":{"rendered":"http:\/\/www.palmaequipmentrental.com\/product\/manfrotto-photo-movie-head-147-2\/"},"modified":"2022-08-05T11:43:37","modified_gmt":"2022-08-05T11:43:37","slug":"manfrotto-photo-movie-head-147","status":"publish","type":"product","link":"https:\/\/palmaequipmentrental.com\/de\/photo-video-equipment-mallorca\/manfrotto-photo-movie-head-147\/","title":{"rendered":"Manfrotto Ballhead kopf"},"content":{"rendered":"<p><strong>Manfrotto XPRO Hydrostatischer Kugelkopf (MH-BHQ2)<\/strong> mit RC2 Schnellkupplungssystem.<\/p>\n<p>Er ist \u00e4u\u00dferst tragbar und leicht, wiegt nur 0,52 kg, tr\u00e4gt aber dank seines robusten Magnesiumdesigns eine unglaubliche Nutzlast von 10 kg. Au\u00dferdem ist es mit der beliebten Manfrotto 200PL Platte ausgestattet, die mit einer Vielzahl von Ausr\u00fcstungen verwendet werden kann.<\/p>\n<ul>\n<li>Dreifacher Verriegelungsmechanismus f\u00fcr garantierte Pr\u00e4zision<\/li>\n<li>Neue Polymerringe f\u00fcr reibungslose, fettfreie Kamerabewegungen<\/li>\n<li>Leichtes, stabiles Magnesiumgeh\u00e4use mit beeindruckenden 10 kg Tragkraft<\/li>\n<li>Nivellierlibellen f\u00fcr pr\u00e4zises Einstellen und Aufnehmen<\/li>\n<li>Manfrotto RC2-Schnellkupplungssystem f\u00fcr mehr Flexibilit\u00e4t<\/li>\n<\/ul>\n","protected":false},"excerpt":{"rendered":"<p>Manfrotto XPRO Hydrostatischer Kugelkopf (MH-BHQ2) mit RC2 Schnellkupplungssystem. Er ist \u00e4u\u00dferst tragbar und leicht, wiegt nur 0,52 kg, tr\u00e4gt aber dank seines robusten Magnesiumdesigns eine unglaubliche Nutzlast von 10 kg. Au\u00dferdem ist es mit der beliebten Manfrotto 200PL Platte ausgestattet, die mit einer Vielzahl von Ausr\u00fcstungen verwendet werden kann. Dreifacher Verriegelungsmechanismus f\u00fcr garantierte Pr\u00e4zision Neue Polymerringe f\u00fcr reibungslose, fettfreie Kamerabewegungen [&hellip;]<\/p>\n","protected":false},"featured_media":9737,"template":"","meta":[],"product_cat":[144],"product_tag":[],"class_list":{"0":"post-3327","1":"product","2":"type-product","3":"status-publish","4":"has-post-thumbnail","6":"product_cat-kamerastative","8":"first","9":"instock","10":"shipping-taxable","11":"purchasable","12":"product-type-simple"},"_links":{"self":[{"href":"https:\/\/palmaequipmentrental.com\/de\/wp-json\/wp\/v2\/product\/3327","targetHints":{"allow":["GET"]}}],"collection":[{"href":"https:\/\/palmaequipmentrental.com\/de\/wp-json\/wp\/v2\/product"}],"about":[{"href":"https:\/\/palmaequipmentrental.com\/de\/wp-json\/wp\/v2\/types\/product"}],"wp:featuredmedia":[{"embeddable":true,"href":"https:\/\/palmaequipmentrental.com\/de\/wp-json\/wp\/v2\/media\/9737"}],"wp:attachment":[{"href":"https:\/\/palmaequipmentrental.com\/de\/wp-json\/wp\/v2\/media?parent=3327"}],"wp:term":[{"taxonomy":"product_cat","embeddable":true,"href":"https:\/\/palmaequipmentrental.com\/de\/wp-json\/wp\/v2\/product_cat?post=3327"},{"taxonomy":"product_tag","embeddable":true,"href":"https:\/\/palmaequipmentrental.com\/de\/wp-json\/wp\/v2\/product_tag?post=3327"}],"curies":[{"name":"wp","href":"https:\/\/api.w.org\/{rel}","templated":true}]}}