{"id":3330,"date":"2012-05-10T15:44:27","date_gmt":"2012-05-10T15:44:27","guid":{"rendered":"http:\/\/www.palmaequipmentrental.com\/product\/manfrotto-808rc4-3d-head-2\/"},"modified":"2022-08-05T11:43:37","modified_gmt":"2022-08-05T11:43:37","slug":"manfrotto-808rc4-3d-head","status":"publish","type":"product","link":"https:\/\/palmaequipmentrental.com\/de\/photo-video-equipment-mallorca\/manfrotto-808rc4-3d-head\/","title":{"rendered":"Manfrotto 808RC4 3-Wege-Kopf"},"content":{"rendered":"<p>Der <strong>Manfrotto 808RC4 3D-Kopf mit Schnellwechsel-Kameraplatte<\/strong> vereinfacht die Palette der 3-Wege-K\u00f6pfe durch die Integration neuer Elemente, wobei alle bisherigen Merkmale des 229 3-Wege-Kopfes erhalten bleiben.<\/p>\n<p>Er verf\u00fcgt \u00fcber zwei Ausgleichsfedern f\u00fcr die vertikale Neigung (vorw\u00e4rts\/r\u00fcckw\u00e4rts) und die horizontale Neigung (links\/rechts). \u00a0Diese Federn erm\u00f6glichen es Ihnen, mit minimalem Kraftaufwand auch schwerere Kamerabelastungen zu bew\u00e4ltigen. \u00a0Beide Federn k\u00f6nnen ausgeschaltet werden, wenn ein normaler Kopfbetrieb erforderlich ist.<\/p>\n<ul>\n<li>Gewicht: 1.5 kg<\/li>\n<li>Basisdurchmesser: 60 mm<\/li>\n<li>Frontneigung: -30\u00b0 \/ +90\u00b0<\/li>\n<li>Sicherheitszuladung UNI\/PdR 105:2021: 12 kg<\/li>\n<\/ul>\n","protected":false},"excerpt":{"rendered":"<p>Der Manfrotto 808RC4 3D-Kopf mit Schnellwechsel-Kameraplatte vereinfacht die Palette der 3-Wege-K\u00f6pfe durch die Integration neuer Elemente, wobei alle bisherigen Merkmale des 229 3-Wege-Kopfes erhalten bleiben. Er verf\u00fcgt \u00fcber zwei Ausgleichsfedern f\u00fcr die vertikale Neigung (vorw\u00e4rts\/r\u00fcckw\u00e4rts) und die horizontale Neigung (links\/rechts). \u00a0Diese Federn erm\u00f6glichen es Ihnen, mit minimalem Kraftaufwand auch schwerere Kamerabelastungen zu bew\u00e4ltigen. \u00a0Beide Federn k\u00f6nnen ausgeschaltet werden, wenn ein [&hellip;]<\/p>\n","protected":false},"featured_media":9747,"template":"","meta":[],"product_cat":[144],"product_tag":[],"class_list":{"0":"post-3330","1":"product","2":"type-product","3":"status-publish","4":"has-post-thumbnail","6":"product_cat-kamerastative","8":"first","9":"instock","10":"shipping-taxable","11":"purchasable","12":"product-type-simple"},"_links":{"self":[{"href":"https:\/\/palmaequipmentrental.com\/de\/wp-json\/wp\/v2\/product\/3330","targetHints":{"allow":["GET"]}}],"collection":[{"href":"https:\/\/palmaequipmentrental.com\/de\/wp-json\/wp\/v2\/product"}],"about":[{"href":"https:\/\/palmaequipmentrental.com\/de\/wp-json\/wp\/v2\/types\/product"}],"wp:featuredmedia":[{"embeddable":true,"href":"https:\/\/palmaequipmentrental.com\/de\/wp-json\/wp\/v2\/media\/9747"}],"wp:attachment":[{"href":"https:\/\/palmaequipmentrental.com\/de\/wp-json\/wp\/v2\/media?parent=3330"}],"wp:term":[{"taxonomy":"product_cat","embeddable":true,"href":"https:\/\/palmaequipmentrental.com\/de\/wp-json\/wp\/v2\/product_cat?post=3330"},{"taxonomy":"product_tag","embeddable":true,"href":"https:\/\/palmaequipmentrental.com\/de\/wp-json\/wp\/v2\/product_tag?post=3330"}],"curies":[{"name":"wp","href":"https:\/\/api.w.org\/{rel}","templated":true}]}}