{"id":3339,"date":"2012-05-10T15:44:25","date_gmt":"2012-05-10T15:44:25","guid":{"rendered":"http:\/\/www.palmaequipmentrental.com\/product\/manfrotto-058b-tripod-2\/"},"modified":"2023-10-05T14:46:08","modified_gmt":"2023-10-05T14:46:08","slug":"manfrotto-058b-tripod","status":"publish","type":"product","link":"https:\/\/palmaequipmentrental.com\/de\/photo-video-equipment-mallorca\/manfrotto-058b-tripod\/","title":{"rendered":"Manfrotto 058B Kamera Stativ"},"content":{"rendered":"<p><strong>Manfrotto 058B Stativ<\/strong><\/p>\n<p>F\u00fcgen Sie einen Kopf Ihrer Wahl hinzu:<\/p>\n<ul>\n<li>Manfrotto 229 3-Wege Kopf.<\/li>\n<li>Manfrotto 808RC4 3-Wege Kopf.<\/li>\n<li>Manfrotto Kugelkopf.<\/li>\n<li>Manfrotto 405 Getriebeneiger.<\/li>\n<\/ul>\n<p>Professionelles Medium-Stativ f\u00fcr Kameras bis zum Gro\u00dfformat.<\/p>\n<ul>\n<li>Maximalh\u00f6he 217cm<\/li>\n<li>Mindesth\u00f6he\u00a044cm<\/li>\n<\/ul>\n<p>Es ist mit einem einzigartigen Schnellverstellsystem ausger\u00fcstet, das eine Ver\u00e4nderung der Stativh\u00f6he mittels einer Taste in Sekundenschnelle erm\u00f6glicht. Es verf\u00fcgt \u00fcber eine selbsthemmende Mittels\u00e4ule, individuell einstellbare Beinanstellwinkel und erm\u00f6glicht eine \u00e4usserst tiefe Kameraposition. Es verf\u00fcgt \u00fcber eine patentierte automatische Arretierung f\u00fcr jedes einzelne oder alle drei Stativbeine zusammen. Mit dieser Vorrichtung kann in Sekundenschnelle die H\u00f6he ver\u00e4ndert, das Stativ nivelliert (mittels der eingebauten Libelle) und die Teleskop-Ausz\u00fcge arretiert werden, ohne an jedem einzelnen Bein die L\u00e4nge ver\u00e4ndern zu m\u00fcssen. Die einzigartigen teleskopischen Manfrotto Mittelstreben erlauben, f\u00fcr jedes Bein einen individuellen Anstellwinkel zu w\u00e4hlen.<\/p>\n","protected":false},"excerpt":{"rendered":"<p>Manfrotto 058B Stativ F\u00fcgen Sie einen Kopf Ihrer Wahl hinzu: Manfrotto 229 3-Wege Kopf. Manfrotto 808RC4 3-Wege Kopf. Manfrotto Kugelkopf. Manfrotto 405 Getriebeneiger. Professionelles Medium-Stativ f\u00fcr Kameras bis zum Gro\u00dfformat. Maximalh\u00f6he 217cm Mindesth\u00f6he\u00a044cm Es ist mit einem einzigartigen Schnellverstellsystem ausger\u00fcstet, das eine Ver\u00e4nderung der Stativh\u00f6he mittels einer Taste in Sekundenschnelle erm\u00f6glicht. Es verf\u00fcgt \u00fcber eine selbsthemmende Mittels\u00e4ule, individuell einstellbare Beinanstellwinkel [&hellip;]<\/p>\n","protected":false},"featured_media":9760,"template":"","meta":[],"product_cat":[144,171],"product_tag":[],"class_list":{"0":"post-3339","1":"product","2":"type-product","3":"status-publish","4":"has-post-thumbnail","6":"product_cat-kamerastative","7":"product_cat-kamerastative-de","9":"first","10":"instock","11":"shipping-taxable","12":"purchasable","13":"product-type-simple"},"_links":{"self":[{"href":"https:\/\/palmaequipmentrental.com\/de\/wp-json\/wp\/v2\/product\/3339","targetHints":{"allow":["GET"]}}],"collection":[{"href":"https:\/\/palmaequipmentrental.com\/de\/wp-json\/wp\/v2\/product"}],"about":[{"href":"https:\/\/palmaequipmentrental.com\/de\/wp-json\/wp\/v2\/types\/product"}],"wp:featuredmedia":[{"embeddable":true,"href":"https:\/\/palmaequipmentrental.com\/de\/wp-json\/wp\/v2\/media\/9760"}],"wp:attachment":[{"href":"https:\/\/palmaequipmentrental.com\/de\/wp-json\/wp\/v2\/media?parent=3339"}],"wp:term":[{"taxonomy":"product_cat","embeddable":true,"href":"https:\/\/palmaequipmentrental.com\/de\/wp-json\/wp\/v2\/product_cat?post=3339"},{"taxonomy":"product_tag","embeddable":true,"href":"https:\/\/palmaequipmentrental.com\/de\/wp-json\/wp\/v2\/product_tag?post=3339"}],"curies":[{"name":"wp","href":"https:\/\/api.w.org\/{rel}","templated":true}]}}