{"id":3357,"date":"2015-05-07T10:00:04","date_gmt":"2015-05-07T10:00:04","guid":{"rendered":"http:\/\/www.palmaequipmentrental.com\/product\/canon-ef-50mm-f1-2l-2\/"},"modified":"2022-10-17T14:13:09","modified_gmt":"2022-10-17T14:13:09","slug":"canon-ef-50mm-f1-2l","status":"publish","type":"product","link":"https:\/\/palmaequipmentrental.com\/de\/photo-video-equipment-mallorca\/canon-ef-50mm-f1-2l\/","title":{"rendered":"Canon EF 50mm f\/1.2L USM"},"content":{"rendered":"<p><strong>Canon EF 50mm f\/1.2L USM<\/strong><\/p>\n<p>\u00d6ffnen Sie die Blende f\u00fcr eine neue Welt voller M\u00f6glichkeiten.<br \/>\nMit der gr\u00f6\u00dften Offenblende, die derzeit in der Canon EF-Objektivserie erh\u00e4ltlich ist, erm\u00f6glicht das superlichtstarke EF 50mm 1:1,2L USM das Fotografieren auch bei geringer Lichtintensit\u00e4t; ideal f\u00fcr das Arbeiten mit selektiver Sch\u00e4rfe und das Fotografieren ohne Blitz auch bei schwachen Lichtverh\u00e4ltnissen.<\/p>\n<p><strong>Merkmale<\/strong><\/p>\n<ul>\n<li>Objektiv der professionellen L-Objektivserie<\/li>\n<li>Hohe Lichtst\u00e4rke 1:1,2<\/li>\n<li>Schneller, nahezu ger\u00e4uschloser USM-Autofokus<\/li>\n<li>Super Spectra-Verg\u00fctung<\/li>\n<li>Kreisrunde Blende f\u00fcr eine hervorragende Wiedergabe im Unsch\u00e4rfenbereich (Bokeh-Effekt)<\/li>\n<li>Weiterleitung von Entfernungsinformationen an die E-TTL II Blitzsteuerung<\/li>\n<li>Objektivbeutel und Streulichtblende im Lieferumfang<\/li>\n<\/ul>\n<p>&nbsp;<\/p>\n","protected":false},"excerpt":{"rendered":"<p>Canon EF 50mm f\/1.2L USM \u00d6ffnen Sie die Blende f\u00fcr eine neue Welt voller M\u00f6glichkeiten. Mit der gr\u00f6\u00dften Offenblende, die derzeit in der Canon EF-Objektivserie erh\u00e4ltlich ist, erm\u00f6glicht das superlichtstarke EF 50mm 1:1,2L USM das Fotografieren auch bei geringer Lichtintensit\u00e4t; ideal f\u00fcr das Arbeiten mit selektiver Sch\u00e4rfe und das Fotografieren ohne Blitz auch bei schwachen Lichtverh\u00e4ltnissen. Merkmale Objektiv der professionellen [&hellip;]<\/p>\n","protected":false},"featured_media":9559,"template":"","meta":[],"product_cat":[794,800],"product_tag":[],"class_list":{"0":"post-3357","1":"product","2":"type-product","3":"status-publish","4":"has-post-thumbnail","6":"product_cat-ef-objektive","7":"product_cat-ef-objektive-v","9":"first","10":"instock","11":"shipping-taxable","12":"purchasable","13":"product-type-simple"},"_links":{"self":[{"href":"https:\/\/palmaequipmentrental.com\/de\/wp-json\/wp\/v2\/product\/3357","targetHints":{"allow":["GET"]}}],"collection":[{"href":"https:\/\/palmaequipmentrental.com\/de\/wp-json\/wp\/v2\/product"}],"about":[{"href":"https:\/\/palmaequipmentrental.com\/de\/wp-json\/wp\/v2\/types\/product"}],"wp:featuredmedia":[{"embeddable":true,"href":"https:\/\/palmaequipmentrental.com\/de\/wp-json\/wp\/v2\/media\/9559"}],"wp:attachment":[{"href":"https:\/\/palmaequipmentrental.com\/de\/wp-json\/wp\/v2\/media?parent=3357"}],"wp:term":[{"taxonomy":"product_cat","embeddable":true,"href":"https:\/\/palmaequipmentrental.com\/de\/wp-json\/wp\/v2\/product_cat?post=3357"},{"taxonomy":"product_tag","embeddable":true,"href":"https:\/\/palmaequipmentrental.com\/de\/wp-json\/wp\/v2\/product_tag?post=3357"}],"curies":[{"name":"wp","href":"https:\/\/api.w.org\/{rel}","templated":true}]}}