{"id":3360,"date":"2015-05-07T10:03:05","date_gmt":"2015-05-07T10:03:05","guid":{"rendered":"http:\/\/www.palmaequipmentrental.com\/product\/canon-ef-50mm-f1-2l-copy-2\/"},"modified":"2025-06-13T13:48:17","modified_gmt":"2025-06-13T13:48:17","slug":"canon-ef-85mm-f-1-2l-ii-usm","status":"publish","type":"product","link":"https:\/\/palmaequipmentrental.com\/de\/photo-video-equipment-mallorca\/canon-ef-85mm-f-1-2l-ii-usm\/","title":{"rendered":"Canon EF 85mm f\/1.2L II USM"},"content":{"rendered":"<p><strong>Canon EF 85mm f\/1.2L II USM<\/strong><\/p>\n<p>Das Canon-Objektiv EF 85mm 1:1,2L USM II ist ein leistungsstarkes Objektiv. Mit einer extrem hohen Lichtst\u00e4rke von 1:1,2 ist es hervorragend f\u00fcr den professionellen Einsatz vorbereitet &#8211; zum Beispiel beim Fotografieren ohne Blitz auch bei schlechten Lichtverh\u00e4ltnissen.<\/p>\n<p><strong>Merkmale<\/strong><\/p>\n<ul>\n<li>Objektiv der L-Serie<\/li>\n<li>Gro\u00dfe Blende von 1:1,2<\/li>\n<li>Schnelle, leise automatische Scharfeinstellung<\/li>\n<li>Super-Spectra-Verg\u00fctung<\/li>\n<li>Kreisrunde Blende f\u00fcr ansprechende Wiedergabe im Unsch\u00e4rfenbereich (Bokeh-Effekt)<\/li>\n<li>Weiterleitung der Entfernungsinformationen an die E-TTL II Blitzsteuerung der Kamera<\/li>\n<li>Inkl. Objektivbeutel und Gegenlichtblende<\/li>\n<\/ul>\n","protected":false},"excerpt":{"rendered":"<p>Canon EF 85mm f\/1.2L II USM Das Canon-Objektiv EF 85mm 1:1,2L USM II ist ein leistungsstarkes Objektiv. Mit einer extrem hohen Lichtst\u00e4rke von 1:1,2 ist es hervorragend f\u00fcr den professionellen Einsatz vorbereitet &#8211; zum Beispiel beim Fotografieren ohne Blitz auch bei schlechten Lichtverh\u00e4ltnissen. Merkmale Objektiv der L-Serie Gro\u00dfe Blende von 1:1,2 Schnelle, leise automatische Scharfeinstellung Super-Spectra-Verg\u00fctung Kreisrunde Blende f\u00fcr ansprechende [&hellip;]<\/p>\n","protected":false},"featured_media":9573,"template":"","meta":[],"product_cat":[794,800],"product_tag":[],"class_list":{"0":"post-3360","1":"product","2":"type-product","3":"status-publish","4":"has-post-thumbnail","6":"product_cat-ef-objektive","7":"product_cat-ef-objektive-v","9":"first","10":"instock","11":"shipping-taxable","12":"purchasable","13":"product-type-simple"},"_links":{"self":[{"href":"https:\/\/palmaequipmentrental.com\/de\/wp-json\/wp\/v2\/product\/3360","targetHints":{"allow":["GET"]}}],"collection":[{"href":"https:\/\/palmaequipmentrental.com\/de\/wp-json\/wp\/v2\/product"}],"about":[{"href":"https:\/\/palmaequipmentrental.com\/de\/wp-json\/wp\/v2\/types\/product"}],"wp:featuredmedia":[{"embeddable":true,"href":"https:\/\/palmaequipmentrental.com\/de\/wp-json\/wp\/v2\/media\/9573"}],"wp:attachment":[{"href":"https:\/\/palmaequipmentrental.com\/de\/wp-json\/wp\/v2\/media?parent=3360"}],"wp:term":[{"taxonomy":"product_cat","embeddable":true,"href":"https:\/\/palmaequipmentrental.com\/de\/wp-json\/wp\/v2\/product_cat?post=3360"},{"taxonomy":"product_tag","embeddable":true,"href":"https:\/\/palmaequipmentrental.com\/de\/wp-json\/wp\/v2\/product_tag?post=3360"}],"curies":[{"name":"wp","href":"https:\/\/api.w.org\/{rel}","templated":true}]}}