{"id":3366,"date":"2015-05-07T10:08:38","date_gmt":"2015-05-07T10:08:38","guid":{"rendered":"http:\/\/www.palmaequipmentrental.com\/product\/canon-ef-24mm-f1-4l-ii-copy-2\/"},"modified":"2025-06-13T13:45:47","modified_gmt":"2025-06-13T13:45:47","slug":"canon-ef-35mm-f1-4l-ii-usm","status":"publish","type":"product","link":"https:\/\/palmaequipmentrental.com\/de\/photo-video-equipment-mallorca\/canon-ef-35mm-f1-4l-ii-usm\/","title":{"rendered":"Canon EF 35mm f\/1.4L II USM"},"content":{"rendered":"<p><strong>Canon EF 35mm f\/1.4L II USM<\/strong><\/p>\n<p>Ein wirklich moderner Klassiker: Das Standard-Weitwinkelobjektiv mit nat\u00fcrlicher Perspektive, erstklassigen Low-Light-Eigenschaften und au\u00dfergew\u00f6hnlicher optischer Leistung \u2013 ganz so wie Reportage-Fotografen es lieben.<\/p>\n<p><strong>Merkmale<\/strong><\/p>\n<ul>\n<li>Blendenbereich: f \/ 1,4 bis 22<\/li>\n<li>Abgerundete 9-Lamellen-Blende<\/li>\n<li>Minimale Fokussierentfernung: 0.28m<\/li>\n<li>Weiter Bildwinkel (horizontal, vertikal, diagonal): 54\u00b0, 38\u00b0, 63<\/li>\n<li>Filterdurchmesser: 72 mm<\/li>\n<li>Asph\u00e4rische Linsenelemente<\/li>\n<li>USM-Fokusmotor mit manuellem Vollzeitfokus<\/li>\n<li>Schwimmend gelagerter interner Fokusmechanismus<\/li>\n<\/ul>\n","protected":false},"excerpt":{"rendered":"<p>Canon EF 35mm f\/1.4L II USM Ein wirklich moderner Klassiker: Das Standard-Weitwinkelobjektiv mit nat\u00fcrlicher Perspektive, erstklassigen Low-Light-Eigenschaften und au\u00dfergew\u00f6hnlicher optischer Leistung \u2013 ganz so wie Reportage-Fotografen es lieben. Merkmale Blendenbereich: f \/ 1,4 bis 22 Abgerundete 9-Lamellen-Blende Minimale Fokussierentfernung: 0.28m Weiter Bildwinkel (horizontal, vertikal, diagonal): 54\u00b0, 38\u00b0, 63 Filterdurchmesser: 72 mm Asph\u00e4rische Linsenelemente USM-Fokusmotor mit manuellem Vollzeitfokus Schwimmend gelagerter interner [&hellip;]<\/p>\n","protected":false},"featured_media":9551,"template":"","meta":[],"product_cat":[794,800],"product_tag":[],"class_list":{"0":"post-3366","1":"product","2":"type-product","3":"status-publish","4":"has-post-thumbnail","6":"product_cat-ef-objektive","7":"product_cat-ef-objektive-v","9":"first","10":"instock","11":"shipping-taxable","12":"purchasable","13":"product-type-simple"},"_links":{"self":[{"href":"https:\/\/palmaequipmentrental.com\/de\/wp-json\/wp\/v2\/product\/3366","targetHints":{"allow":["GET"]}}],"collection":[{"href":"https:\/\/palmaequipmentrental.com\/de\/wp-json\/wp\/v2\/product"}],"about":[{"href":"https:\/\/palmaequipmentrental.com\/de\/wp-json\/wp\/v2\/types\/product"}],"wp:featuredmedia":[{"embeddable":true,"href":"https:\/\/palmaequipmentrental.com\/de\/wp-json\/wp\/v2\/media\/9551"}],"wp:attachment":[{"href":"https:\/\/palmaequipmentrental.com\/de\/wp-json\/wp\/v2\/media?parent=3366"}],"wp:term":[{"taxonomy":"product_cat","embeddable":true,"href":"https:\/\/palmaequipmentrental.com\/de\/wp-json\/wp\/v2\/product_cat?post=3366"},{"taxonomy":"product_tag","embeddable":true,"href":"https:\/\/palmaequipmentrental.com\/de\/wp-json\/wp\/v2\/product_tag?post=3366"}],"curies":[{"name":"wp","href":"https:\/\/api.w.org\/{rel}","templated":true}]}}