{"id":3373,"date":"2012-05-10T15:44:25","date_gmt":"2012-05-10T15:44:25","guid":{"rendered":"http:\/\/www.palmaequipmentrental.com\/product\/gitzo-carbon-fibre-tripod-with-removable-center-column-2\/"},"modified":"2023-10-05T14:42:58","modified_gmt":"2023-10-05T14:42:58","slug":"gitzo-carbon-fibre-tripod-with-removable-center-column","status":"publish","type":"product","link":"https:\/\/palmaequipmentrental.com\/de\/photo-video-equipment-mallorca\/gitzo-carbon-fibre-tripod-with-removable-center-column\/","title":{"rendered":"Gitzo Carbon Fibre Kamera Stativ"},"content":{"rendered":"<p><strong>Gitzo GT2532LVL Kohlefaser-Stativ<\/strong> mit Schnellspanner<\/p>\n<p>F\u00fcgen Sie einen Kopf Ihrer Wahl hinzu:<\/p>\n<ul>\n<li>Manfrotto 229 3-Wege-Kopf.<\/li>\n<li>Manfrotto 808RC4 3-Wege-Kopf.<\/li>\n<li>Manfrotto Kugelkopf.<\/li>\n<li>Manfrotto 405 Getriebekopf.<\/li>\n<\/ul>\n<p>Die schnelle Mittels\u00e4ule des Stativs l\u00e4sst sich leicht entfernen und verwandelt das Stativ in ein ebenerdiges Set, mit dem Fotografen eine Vielzahl von Perspektiven einfangen k\u00f6nnen. Au\u00dferdem verf\u00fcgt es \u00fcber einen umkehrbaren S\u00e4ulenmechanismus.<\/p>\n<ul>\n<li>Maximale H\u00f6he 166 cm (mit umgeklappter Mittels\u00e4ule 138 cm)<\/li>\n<li>Minimale H\u00f6he 16 cm<\/li>\n<li>Gewicht der Sicherheitsnutzlast 18 kg<\/li>\n<li>Geschlossene L\u00e4nge 65 cm<\/li>\n<li>Gewicht 1,67 kg<\/li>\n<li>\u00dcbersetzt mit www.DeepL.com\/Translator (kostenlose Version)<\/li>\n<\/ul>\n","protected":false},"excerpt":{"rendered":"<p>Gitzo GT2532LVL Kohlefaser-Stativ mit Schnellspanner F\u00fcgen Sie einen Kopf Ihrer Wahl hinzu: Manfrotto 229 3-Wege-Kopf. Manfrotto 808RC4 3-Wege-Kopf. Manfrotto Kugelkopf. Manfrotto 405 Getriebekopf. Die schnelle Mittels\u00e4ule des Stativs l\u00e4sst sich leicht entfernen und verwandelt das Stativ in ein ebenerdiges Set, mit dem Fotografen eine Vielzahl von Perspektiven einfangen k\u00f6nnen. Au\u00dferdem verf\u00fcgt es \u00fcber einen umkehrbaren S\u00e4ulenmechanismus. Maximale H\u00f6he 166 cm [&hellip;]<\/p>\n","protected":false},"featured_media":9712,"template":"","meta":[],"product_cat":[754,144],"product_tag":[],"class_list":{"0":"post-3373","1":"product","2":"type-product","3":"status-publish","4":"has-post-thumbnail","6":"product_cat-digitaler-workstation","7":"product_cat-kamerastative","9":"first","10":"instock","11":"shipping-taxable","12":"purchasable","13":"product-type-simple"},"_links":{"self":[{"href":"https:\/\/palmaequipmentrental.com\/de\/wp-json\/wp\/v2\/product\/3373","targetHints":{"allow":["GET"]}}],"collection":[{"href":"https:\/\/palmaequipmentrental.com\/de\/wp-json\/wp\/v2\/product"}],"about":[{"href":"https:\/\/palmaequipmentrental.com\/de\/wp-json\/wp\/v2\/types\/product"}],"wp:featuredmedia":[{"embeddable":true,"href":"https:\/\/palmaequipmentrental.com\/de\/wp-json\/wp\/v2\/media\/9712"}],"wp:attachment":[{"href":"https:\/\/palmaequipmentrental.com\/de\/wp-json\/wp\/v2\/media?parent=3373"}],"wp:term":[{"taxonomy":"product_cat","embeddable":true,"href":"https:\/\/palmaequipmentrental.com\/de\/wp-json\/wp\/v2\/product_cat?post=3373"},{"taxonomy":"product_tag","embeddable":true,"href":"https:\/\/palmaequipmentrental.com\/de\/wp-json\/wp\/v2\/product_tag?post=3373"}],"curies":[{"name":"wp","href":"https:\/\/api.w.org\/{rel}","templated":true}]}}