{"id":3383,"date":"2015-06-12T09:25:28","date_gmt":"2015-06-12T09:25:28","guid":{"rendered":"http:\/\/www.palmaequipmentrental.com\/product\/nikon-af-s-nikkor-85mm-f1-4g-2\/"},"modified":"2024-01-09T11:25:35","modified_gmt":"2024-01-09T11:25:35","slug":"nikon-af-s-nikkor-85mm-f1-4g","status":"publish","type":"product","link":"https:\/\/palmaequipmentrental.com\/de\/photo-video-equipment-mallorca\/nikon-af-s-nikkor-85mm-f1-4g\/","title":{"rendered":"Nikon AF-S 85mm f\/1.4G"},"content":{"rendered":"<p><strong>Nikon AF-S Nikkor 85mm f\/1.4G Objektiv<\/strong><\/p>\n<p>Professionelles Portr\u00e4tobjektiv mit sehr hoher Lichtst\u00e4rke von 1:1,4 f\u00fcr digitale Nikon-Spiegelreflexkameras mit Bildsensor im FX-Format. Der Nachfolger eines legend\u00e4ren NIKKOR-Objektivs bietet mit seinem neu entwickelten optischen Aufbau hervorragende Leistung. Die Nanokristallverg\u00fctung von Nikon verringert effektiv Geisterbilder und Streulicht, und die Blenden\u00f6ffnung mit neun abgerundeten Lamellen sorgt f\u00fcr ein beeindruckendes Bokeh mit sehr sanftem unscharfen Bereich. Ein herausragendes Portr\u00e4t- oder Studio-Objektiv.<\/p>\n<p><strong>Merkmale<\/strong><\/p>\n<ul>\n<li>Brennweite 85 mm<\/li>\n<li>Maximale Blenden\u00f6ffnung f\/1.4<\/li>\n<li>Minimale Blenden\u00f6ffnung f\/16<\/li>\n<li>Objektivkonstruktion 10 Elemente in 9 Gruppen (mit Nano Crystal Coat)<\/li>\n<li>Bildwinkel 28\u00b030&#8242;<\/li>\n<li>Mindestfokusentfernung 0,85 m\/2,79 ft.<\/li>\n<li>Maximales Abbildungsverh\u00e4ltnis 0,12x<\/li>\n<li>Anzahl der Blendenlamellen 9 (abgerundet)<\/li>\n<li>Gr\u00f6\u00dfe des Filteraufsatzes 77 mm<\/li>\n<\/ul>\n","protected":false},"excerpt":{"rendered":"<p>Nikon AF-S Nikkor 85mm f\/1.4G Objektiv Professionelles Portr\u00e4tobjektiv mit sehr hoher Lichtst\u00e4rke von 1:1,4 f\u00fcr digitale Nikon-Spiegelreflexkameras mit Bildsensor im FX-Format. Der Nachfolger eines legend\u00e4ren NIKKOR-Objektivs bietet mit seinem neu entwickelten optischen Aufbau hervorragende Leistung. Die Nanokristallverg\u00fctung von Nikon verringert effektiv Geisterbilder und Streulicht, und die Blenden\u00f6ffnung mit neun abgerundeten Lamellen sorgt f\u00fcr ein beeindruckendes Bokeh mit sehr sanftem unscharfen [&hellip;]<\/p>\n","protected":false},"featured_media":9690,"template":"","meta":[],"product_cat":[401,447],"product_tag":[],"class_list":{"0":"post-3383","1":"product","2":"type-product","3":"status-publish","4":"has-post-thumbnail","6":"product_cat-objektive-nikon","7":"product_cat-objektive-nikon-de","9":"first","10":"instock","11":"shipping-taxable","12":"purchasable","13":"product-type-simple"},"_links":{"self":[{"href":"https:\/\/palmaequipmentrental.com\/de\/wp-json\/wp\/v2\/product\/3383","targetHints":{"allow":["GET"]}}],"collection":[{"href":"https:\/\/palmaequipmentrental.com\/de\/wp-json\/wp\/v2\/product"}],"about":[{"href":"https:\/\/palmaequipmentrental.com\/de\/wp-json\/wp\/v2\/types\/product"}],"wp:featuredmedia":[{"embeddable":true,"href":"https:\/\/palmaequipmentrental.com\/de\/wp-json\/wp\/v2\/media\/9690"}],"wp:attachment":[{"href":"https:\/\/palmaequipmentrental.com\/de\/wp-json\/wp\/v2\/media?parent=3383"}],"wp:term":[{"taxonomy":"product_cat","embeddable":true,"href":"https:\/\/palmaequipmentrental.com\/de\/wp-json\/wp\/v2\/product_cat?post=3383"},{"taxonomy":"product_tag","embeddable":true,"href":"https:\/\/palmaequipmentrental.com\/de\/wp-json\/wp\/v2\/product_tag?post=3383"}],"curies":[{"name":"wp","href":"https:\/\/api.w.org\/{rel}","templated":true}]}}