{"id":3397,"date":"2015-06-12T12:46:30","date_gmt":"2015-06-12T12:46:30","guid":{"rendered":"http:\/\/www.palmaequipmentrental.com\/?post_type=product&#038;p=3397"},"modified":"2024-01-09T11:23:18","modified_gmt":"2024-01-09T11:23:18","slug":"nikon-af-s-nikkor-35mm-f1-4g","status":"publish","type":"product","link":"https:\/\/palmaequipmentrental.com\/de\/photo-video-equipment-mallorca\/nikon-af-s-nikkor-35mm-f1-4g\/","title":{"rendered":"Nikon AF-S 35mm f\/1.4G"},"content":{"rendered":"<p>Das <strong>AF-S NIKKOR 35mm f\/1.4G<\/strong> Objektiv von Nikon ist ein lichtstarkes Objektiv mit einer klassischen Weitwinkelbrennweite.<\/p>\n<p>Professionelles Weitwinkelobjektiv mit einfacher Brennweite und einer schnellen Blende von f\/1,4. Entwickelt f\u00fcr die Verwendung mit Nikons Spiegelreflexkameras im FX-Format. Mit Nanokristallverg\u00fctung f\u00fcr gestochen scharfe Bilder, auch bei schwachem Licht. Die abgerundete 9-Lamellen-Blende sorgt f\u00fcr ein besonders sanftes Bokeh. Das robuste und zuverl\u00e4ssige Objektiv ist dank seiner hervorragenden optischen Leistung das ideale Objektiv f\u00fcr Fotografen, die ein Objektiv f\u00fcr den harten Einsatz suchen.<\/p>\n<p><strong>Merkmale<\/strong><\/p>\n<ul>\n<li>Professionelles Weitwinkelobjektiv im FX-Format.<\/li>\n<li>35-mm-Brennweite (DX-\u00c4quivalent: 52,5 mm) mit lichtstarker f\/1,4-Blende.<\/li>\n<li>Hervorragende optische Leistung: mit asph\u00e4rischem Linsenelement f\u00fcr hervorragende Aufl\u00f6sung und Kontrast.<\/li>\n<li>Helles Sucherbild.<\/li>\n<li>Nanokristallverg\u00fctung reduziert Geisterbilder und Streulicht.<\/li>\n<li>Abgerundete Blenden\u00f6ffnung mit 9 Lamellen f\u00fcr ein besonders sanftes Bokeh.<\/li>\n<li>SWM (Silent Wave Motor) f\u00fcr leisen und pr\u00e4zisen Autofokus.<\/li>\n<\/ul>\n","protected":false},"excerpt":{"rendered":"<p>Das AF-S NIKKOR 35mm f\/1.4G Objektiv von Nikon ist ein lichtstarkes Objektiv mit einer klassischen Weitwinkelbrennweite. Professionelles Weitwinkelobjektiv mit einfacher Brennweite und einer schnellen Blende von f\/1,4. Entwickelt f\u00fcr die Verwendung mit Nikons Spiegelreflexkameras im FX-Format. Mit Nanokristallverg\u00fctung f\u00fcr gestochen scharfe Bilder, auch bei schwachem Licht. Die abgerundete 9-Lamellen-Blende sorgt f\u00fcr ein besonders sanftes Bokeh. Das robuste und zuverl\u00e4ssige Objektiv [&hellip;]<\/p>\n","protected":false},"featured_media":9653,"template":"","meta":[],"product_cat":[401,447],"product_tag":[],"class_list":{"0":"post-3397","1":"product","2":"type-product","3":"status-publish","4":"has-post-thumbnail","6":"product_cat-objektive-nikon","7":"product_cat-objektive-nikon-de","9":"first","10":"instock","11":"shipping-taxable","12":"purchasable","13":"product-type-simple"},"_links":{"self":[{"href":"https:\/\/palmaequipmentrental.com\/de\/wp-json\/wp\/v2\/product\/3397","targetHints":{"allow":["GET"]}}],"collection":[{"href":"https:\/\/palmaequipmentrental.com\/de\/wp-json\/wp\/v2\/product"}],"about":[{"href":"https:\/\/palmaequipmentrental.com\/de\/wp-json\/wp\/v2\/types\/product"}],"wp:featuredmedia":[{"embeddable":true,"href":"https:\/\/palmaequipmentrental.com\/de\/wp-json\/wp\/v2\/media\/9653"}],"wp:attachment":[{"href":"https:\/\/palmaequipmentrental.com\/de\/wp-json\/wp\/v2\/media?parent=3397"}],"wp:term":[{"taxonomy":"product_cat","embeddable":true,"href":"https:\/\/palmaequipmentrental.com\/de\/wp-json\/wp\/v2\/product_cat?post=3397"},{"taxonomy":"product_tag","embeddable":true,"href":"https:\/\/palmaequipmentrental.com\/de\/wp-json\/wp\/v2\/product_tag?post=3397"}],"curies":[{"name":"wp","href":"https:\/\/api.w.org\/{rel}","templated":true}]}}