{"id":3404,"date":"2015-07-07T09:40:54","date_gmt":"2015-07-07T09:40:54","guid":{"rendered":"http:\/\/www.palmaequipmentrental.com\/product\/manfrotto-055xpro3-tripod-2\/"},"modified":"2023-10-05T14:36:19","modified_gmt":"2023-10-05T14:36:19","slug":"manfrotto-055xpro3-tripod","status":"publish","type":"product","link":"https:\/\/palmaequipmentrental.com\/de\/photo-video-equipment-mallorca\/manfrotto-055xpro3-tripod\/","title":{"rendered":"Manfrotto 055XPRO3 Kamera Stativ"},"content":{"rendered":"<p><strong>Manfrotto 055XPro3 Kamera Stativ<\/strong><\/p>\n<p>F\u00fcgen Sie einen Kopf Ihrer Wahl hinzu:<\/p>\n<ul>\n<li>Manfrotto 229 3-Wege Kopf.<\/li>\n<li>Manfrotto 808RC4 3-Wege Kopf.<\/li>\n<li>Manfrotto Kugelkopf.<\/li>\n<li>Manfrotto 405 Getriebeneiger.<\/li>\n<\/ul>\n<p>Der vielseitige 90\u00b0 Mittels\u00e4ulenmechanismus erlaubt bei diesem Stativ die Verlagerung der Mittels\u00e4ule in die Horizontale in nur wenigen Schritten.Das Umlegen ist \u00e4u\u00dferst leicht und erm\u00f6glicht es Ihnen, die gew\u00fcnschten Bilder in k\u00fcrzester Zeit zu realisieren. F\u00fcr den Transport wird die Mittels\u00e4ule ganz platzsparend einfach in die Stativschulter gesteckt. Bei diesem durchdachten Fotostativ ist es f\u00fcr den Wechsel zwischen der horizontalen und vertikalen Position der Mittels\u00e4ule nicht erforderlich, die Kamera zu demontieren.<\/p>\n<ul>\n<li>Maximalh\u00f6he 170cm.\u00a0(140 cm Mittels\u00e4ule Unten)<\/li>\n<li>Mindesth\u00f6he 9cm<\/li>\n<li>Sicherheitszuladung\u00a09 kg<\/li>\n<\/ul>\n","protected":false},"excerpt":{"rendered":"<p>Manfrotto 055XPro3 Kamera Stativ F\u00fcgen Sie einen Kopf Ihrer Wahl hinzu: Manfrotto 229 3-Wege Kopf. Manfrotto 808RC4 3-Wege Kopf. Manfrotto Kugelkopf. Manfrotto 405 Getriebeneiger. Der vielseitige 90\u00b0 Mittels\u00e4ulenmechanismus erlaubt bei diesem Stativ die Verlagerung der Mittels\u00e4ule in die Horizontale in nur wenigen Schritten.Das Umlegen ist \u00e4u\u00dferst leicht und erm\u00f6glicht es Ihnen, die gew\u00fcnschten Bilder in k\u00fcrzester Zeit zu realisieren. F\u00fcr [&hellip;]<\/p>\n","protected":false},"featured_media":9754,"template":"","meta":[],"product_cat":[754,144],"product_tag":[],"class_list":{"0":"post-3404","1":"product","2":"type-product","3":"status-publish","4":"has-post-thumbnail","6":"product_cat-digitaler-workstation","7":"product_cat-kamerastative","9":"first","10":"instock","11":"shipping-taxable","12":"purchasable","13":"product-type-simple"},"_links":{"self":[{"href":"https:\/\/palmaequipmentrental.com\/de\/wp-json\/wp\/v2\/product\/3404","targetHints":{"allow":["GET"]}}],"collection":[{"href":"https:\/\/palmaequipmentrental.com\/de\/wp-json\/wp\/v2\/product"}],"about":[{"href":"https:\/\/palmaequipmentrental.com\/de\/wp-json\/wp\/v2\/types\/product"}],"wp:featuredmedia":[{"embeddable":true,"href":"https:\/\/palmaequipmentrental.com\/de\/wp-json\/wp\/v2\/media\/9754"}],"wp:attachment":[{"href":"https:\/\/palmaequipmentrental.com\/de\/wp-json\/wp\/v2\/media?parent=3404"}],"wp:term":[{"taxonomy":"product_cat","embeddable":true,"href":"https:\/\/palmaequipmentrental.com\/de\/wp-json\/wp\/v2\/product_cat?post=3404"},{"taxonomy":"product_tag","embeddable":true,"href":"https:\/\/palmaequipmentrental.com\/de\/wp-json\/wp\/v2\/product_tag?post=3404"}],"curies":[{"name":"wp","href":"https:\/\/api.w.org\/{rel}","templated":true}]}}