{"id":3418,"date":"2012-05-11T09:12:05","date_gmt":"2012-05-11T09:12:05","guid":{"rendered":"http:\/\/www.palmaequipmentrental.com\/product\/hypermac-hyperjuice-15-mbp-222-2\/"},"modified":"2022-08-05T11:43:33","modified_gmt":"2022-08-05T11:43:33","slug":"hypermac-hyperjuice-15-mbp-222","status":"publish","type":"product","link":"https:\/\/palmaequipmentrental.com\/de\/photo-video-equipment-mallorca\/hypermac-hyperjuice-15-mbp-222\/","title":{"rendered":"Hypermac 1.5 MBP-222"},"content":{"rendered":"<p><strong>Das Hyperjuice 1.5 MBP-222<\/strong> ist kompatibel mit allen Apple MacBook \/ MacBook Pro \/ MacBook Air Modellen einschlie\u00dflich Retina.<\/p>\n<p><strong>Eigenschaften<\/strong><\/p>\n<ul>\n<li>Nutzen Sie Ihr MacBook bis zu 53 Stunden lang<\/li>\n<li>Neue Version 1.5 mit h\u00f6herer Ausgangsleistung zur besseren Unterst\u00fctzung von Retina MacBooks und 2x 12-W-USB-Anschl\u00fcssen zum schnellen Aufladen von 2 beliebigen USB-Ger\u00e4ten<\/li>\n<li>Lithium-Ionen-Akku mit hoher Kapazit\u00e4t von 222 Wattstunden<\/li>\n<li>Eingebauter Kurzschluss-, \u00dcberladungs- und Temperaturschutz<\/li>\n<\/ul>\n","protected":false},"excerpt":{"rendered":"<p>Das Hyperjuice 1.5 MBP-222 ist kompatibel mit allen Apple MacBook \/ MacBook Pro \/ MacBook Air Modellen einschlie\u00dflich Retina. Eigenschaften Nutzen Sie Ihr MacBook bis zu 53 Stunden lang Neue Version 1.5 mit h\u00f6herer Ausgangsleistung zur besseren Unterst\u00fctzung von Retina MacBooks und 2x 12-W-USB-Anschl\u00fcssen zum schnellen Aufladen von 2 beliebigen USB-Ger\u00e4ten Lithium-Ionen-Akku mit hoher Kapazit\u00e4t von 222 Wattstunden Eingebauter Kurzschluss-, [&hellip;]<\/p>\n","protected":false},"featured_media":9962,"template":"","meta":[],"product_cat":[129],"product_tag":[],"class_list":{"0":"post-3418","1":"product","2":"type-product","3":"status-publish","4":"has-post-thumbnail","6":"product_cat-batterien","8":"first","9":"instock","10":"shipping-taxable","11":"purchasable","12":"product-type-simple"},"_links":{"self":[{"href":"https:\/\/palmaequipmentrental.com\/de\/wp-json\/wp\/v2\/product\/3418","targetHints":{"allow":["GET"]}}],"collection":[{"href":"https:\/\/palmaequipmentrental.com\/de\/wp-json\/wp\/v2\/product"}],"about":[{"href":"https:\/\/palmaequipmentrental.com\/de\/wp-json\/wp\/v2\/types\/product"}],"wp:featuredmedia":[{"embeddable":true,"href":"https:\/\/palmaequipmentrental.com\/de\/wp-json\/wp\/v2\/media\/9962"}],"wp:attachment":[{"href":"https:\/\/palmaequipmentrental.com\/de\/wp-json\/wp\/v2\/media?parent=3418"}],"wp:term":[{"taxonomy":"product_cat","embeddable":true,"href":"https:\/\/palmaequipmentrental.com\/de\/wp-json\/wp\/v2\/product_cat?post=3418"},{"taxonomy":"product_tag","embeddable":true,"href":"https:\/\/palmaequipmentrental.com\/de\/wp-json\/wp\/v2\/product_tag?post=3418"}],"curies":[{"name":"wp","href":"https:\/\/api.w.org\/{rel}","templated":true}]}}