{"id":3421,"date":"2012-05-10T16:15:53","date_gmt":"2012-05-10T16:15:53","guid":{"rendered":"http:\/\/www.palmaequipmentrental.com\/product\/seaport-i-visor-pro-ls-laptop-case-2\/"},"modified":"2022-08-05T11:43:35","modified_gmt":"2022-08-05T11:43:35","slug":"seaport-i-visor-pro-ls-laptop-case","status":"publish","type":"product","link":"https:\/\/palmaequipmentrental.com\/de\/photo-video-equipment-mallorca\/seaport-i-visor-pro-ls-laptop-case\/","title":{"rendered":"Seaport I-Visor Laptop Tasche"},"content":{"rendered":"<p><strong>Seaport I-Visor Pro LS Laptop-Tasche<\/strong><\/p>\n<p>Unser Seaport enth\u00e4lt ein leichtes Digitalstativ.<\/p>\n<p>Die Seaport i-Visor Pro LS ist eine Laptoptasche mit Dreifach-Faltung f\u00fcr einen &#8222;Dunkelkammer&#8220;-Effekt.<br \/>\nErm\u00f6glicht die bestm\u00f6gliche Betrachtung von Computerbildern in jeder hellen Umgebung.<\/p>\n","protected":false},"excerpt":{"rendered":"<p>Seaport I-Visor Pro LS Laptop-Tasche Unser Seaport enth\u00e4lt ein leichtes Digitalstativ. Die Seaport i-Visor Pro LS ist eine Laptoptasche mit Dreifach-Faltung f\u00fcr einen &#8222;Dunkelkammer&#8220;-Effekt. Erm\u00f6glicht die bestm\u00f6gliche Betrachtung von Computerbildern in jeder hellen Umgebung.<\/p>\n","protected":false},"featured_media":9936,"template":"","meta":[],"product_cat":[754],"product_tag":[],"class_list":{"0":"post-3421","1":"product","2":"type-product","3":"status-publish","4":"has-post-thumbnail","6":"product_cat-digitaler-workstation","8":"first","9":"instock","10":"shipping-taxable","11":"purchasable","12":"product-type-simple"},"_links":{"self":[{"href":"https:\/\/palmaequipmentrental.com\/de\/wp-json\/wp\/v2\/product\/3421","targetHints":{"allow":["GET"]}}],"collection":[{"href":"https:\/\/palmaequipmentrental.com\/de\/wp-json\/wp\/v2\/product"}],"about":[{"href":"https:\/\/palmaequipmentrental.com\/de\/wp-json\/wp\/v2\/types\/product"}],"wp:featuredmedia":[{"embeddable":true,"href":"https:\/\/palmaequipmentrental.com\/de\/wp-json\/wp\/v2\/media\/9936"}],"wp:attachment":[{"href":"https:\/\/palmaequipmentrental.com\/de\/wp-json\/wp\/v2\/media?parent=3421"}],"wp:term":[{"taxonomy":"product_cat","embeddable":true,"href":"https:\/\/palmaequipmentrental.com\/de\/wp-json\/wp\/v2\/product_cat?post=3421"},{"taxonomy":"product_tag","embeddable":true,"href":"https:\/\/palmaequipmentrental.com\/de\/wp-json\/wp\/v2\/product_tag?post=3421"}],"curies":[{"name":"wp","href":"https:\/\/api.w.org\/{rel}","templated":true}]}}