{"id":3428,"date":"2012-05-10T16:15:53","date_gmt":"2012-05-10T16:15:53","guid":{"rendered":"http:\/\/www.palmaequipmentrental.com\/product\/epson-stylus-photo-r3000-2\/"},"modified":"2022-08-05T11:43:36","modified_gmt":"2022-08-05T11:43:36","slug":"epson-stylus-photo-r3000","status":"publish","type":"product","link":"https:\/\/palmaequipmentrental.com\/de\/photo-video-equipment-mallorca\/epson-stylus-photo-r3000\/","title":{"rendered":"Epson Stylus Photo R3000 Drucker"},"content":{"rendered":"<p><strong>Epson Stylus Photo R3000<\/strong> Professioneller drucker.<\/p>\n<p>Dieser 13&#8243;\/33cm-breite Drucker bietet die professionellen Funktionen, die Sie sich w\u00fcnschen, einschlie\u00dflich Patronen mit hoher Kapazit\u00e4t, Netzwerk- und Wireless-Konnektivit\u00e4t sowie Advanced Media Handling. \u00a0Die Pigmenttinte Vivid Magenta in Kombination mit dem hochmodernen Druckkopf erm\u00f6glicht es dem R3000, Schwarzwei\u00dfdrucke in Galeriequalit\u00e4t und lebendige Farbdrucke in atemberaubenden Blau- und Violettt\u00f6nen zu erstellen. \u00a0Der R3000 ist mit den neuesten kabelgebundenen und kabellosen Netzwerken ausgestattet und macht das Drucken in Ihrem Studio oder vor Ort zum Kinderspiel. \u00a0Dieser Fotodrucker kann sowohl Einzelbl\u00e4tter als auch Rollenpapier bis zu einer Breite von\u00a013&#8243;\/33cm\u00a0verarbeiten.<\/p>\n<p>*Papier und Tintenpatronen sind nicht im Preis enthalten.<\/p>\n","protected":false},"excerpt":{"rendered":"<p>Epson Stylus Photo R3000 Professioneller drucker. Dieser 13&#8243;\/33cm-breite Drucker bietet die professionellen Funktionen, die Sie sich w\u00fcnschen, einschlie\u00dflich Patronen mit hoher Kapazit\u00e4t, Netzwerk- und Wireless-Konnektivit\u00e4t sowie Advanced Media Handling. \u00a0Die Pigmenttinte Vivid Magenta in Kombination mit dem hochmodernen Druckkopf erm\u00f6glicht es dem R3000, Schwarzwei\u00dfdrucke in Galeriequalit\u00e4t und lebendige Farbdrucke in atemberaubenden Blau- und Violettt\u00f6nen zu erstellen. \u00a0Der R3000 ist mit [&hellip;]<\/p>\n","protected":false},"featured_media":10191,"template":"","meta":[],"product_cat":[133],"product_tag":[],"class_list":{"0":"post-3428","1":"product","2":"type-product","3":"status-publish","4":"has-post-thumbnail","6":"product_cat-drucker","8":"first","9":"instock","10":"shipping-taxable","11":"purchasable","12":"product-type-simple"},"_links":{"self":[{"href":"https:\/\/palmaequipmentrental.com\/de\/wp-json\/wp\/v2\/product\/3428","targetHints":{"allow":["GET"]}}],"collection":[{"href":"https:\/\/palmaequipmentrental.com\/de\/wp-json\/wp\/v2\/product"}],"about":[{"href":"https:\/\/palmaequipmentrental.com\/de\/wp-json\/wp\/v2\/types\/product"}],"wp:featuredmedia":[{"embeddable":true,"href":"https:\/\/palmaequipmentrental.com\/de\/wp-json\/wp\/v2\/media\/10191"}],"wp:attachment":[{"href":"https:\/\/palmaequipmentrental.com\/de\/wp-json\/wp\/v2\/media?parent=3428"}],"wp:term":[{"taxonomy":"product_cat","embeddable":true,"href":"https:\/\/palmaequipmentrental.com\/de\/wp-json\/wp\/v2\/product_cat?post=3428"},{"taxonomy":"product_tag","embeddable":true,"href":"https:\/\/palmaequipmentrental.com\/de\/wp-json\/wp\/v2\/product_tag?post=3428"}],"curies":[{"name":"wp","href":"https:\/\/api.w.org\/{rel}","templated":true}]}}