{"id":3431,"date":"2012-03-30T12:38:47","date_gmt":"2012-03-30T12:38:47","guid":{"rendered":"http:\/\/www.palmaequipmentrental.com\/product\/fog-machine-antari-alpha-f-80z-2\/"},"modified":"2026-03-10T15:28:35","modified_gmt":"2026-03-10T15:28:35","slug":"nebelmaschine","status":"publish","type":"product","link":"https:\/\/palmaequipmentrental.com\/de\/photo-video-equipment-mallorca\/nebelmaschine\/","title":{"rendered":"Nebelmaschine Antari Alpha F-80Z"},"content":{"rendered":"<p data-start=\"1430\" data-end=\"1909\">Die <strong data-start=\"1434\" data-end=\"1462\">Antari F-80Z Fog Machine<\/strong> ist eine kompakte und zuverl\u00e4ssige Nebelmaschine, die bei <strong data-start=\"1521\" data-end=\"1547\">Palma Equipment Rental<\/strong>zur Miete erh\u00e4ltlich ist und sich ideal eignet, um Atmosph\u00e4re und Tiefe bei Fotoshootings, Filmproduktionen und Werbedrehs zu erzeugen. Klein, leicht und mit schneller Aufheizzeit produziert sie einen gleichm\u00e4\u00dfigen Nebeleffekt, der Lichtstrahlen sichtbar macht, Beleuchtung hervorhebt und Fashion-, Werbe- und Videoproduktionen eine besondere Stimmung verleiht.<\/p>\n<ul data-start=\"1911\" data-end=\"2160\">\n<li data-section-id=\"64c9sj\" data-start=\"1911\" data-end=\"1946\">\n<p data-start=\"1913\" data-end=\"1946\"><strong data-start=\"1913\" data-end=\"1944\">Kompakte 800W Nebelmaschine<\/strong><\/p>\n<\/li>\n<li data-section-id=\"1ny1vrk\" data-start=\"1947\" data-end=\"1971\">\n<p data-start=\"1949\" data-end=\"1971\">Schnelle Aufheizzeit<\/p>\n<\/li>\n<li data-section-id=\"2molib\" data-start=\"1972\" data-end=\"2039\">\n<p data-start=\"1974\" data-end=\"2039\">Kontinuierlicher Nebelaussto\u00df mit kabelgebundener Fernbedienung<\/p>\n<\/li>\n<li data-section-id=\"1yin63\" data-start=\"2040\" data-end=\"2073\">\n<p data-start=\"2042\" data-end=\"2073\">Leichtes und tragbares Design<\/p>\n<\/li>\n<li data-section-id=\"9r06f3\" data-start=\"2074\" data-end=\"2114\">\n<p data-start=\"2076\" data-end=\"2114\">Ideal f\u00fcr Studio- und Location-Drehs<\/p>\n<\/li>\n<li data-section-id=\"auirka\" data-start=\"2115\" data-end=\"2160\">\n<p data-start=\"2117\" data-end=\"2160\">Zuverl\u00e4ssige Antari-Verarbeitungsqualit\u00e4t<\/p>\n<\/li>\n<\/ul>\n<p data-start=\"2162\" data-end=\"2300\">Ideal, um am Set Atmosph\u00e4re zu schaffen, Lichteffekte hervorzuheben und Foto- sowie Filmproduktionen mehr cineastische Tiefe zu verleihen.<\/p>\n<p data-start=\"2302\" data-end=\"2783\" data-is-last-node=\"\" data-is-only-node=\"\"><strong data-start=\"2302\" data-end=\"2328\">Palma Equipment Rental<\/strong> liefert die Antari F-80Z mit einem <strong data-start=\"2364\" data-end=\"2431\">voll gef\u00fcllten Tank professionellem, wasserbasiertem Haze-Fluid<\/strong>, zus\u00e4tzliches Fluid kann auf Anfrage erworben werden. Wir vermieten professionelles Kamera-, Licht-, Digital- und Grip-Equipment an Fotografen, Filmemacher und Produktionsfirmen auf <strong data-start=\"2614\" data-end=\"2682\">Mallorca, Menorca, Ibiza, Formentera und dem spanischen Festland<\/strong>, inklusive Lieferung, Produktionsfahrzeugen und <strong data-start=\"2731\" data-end=\"2759\">24\/7 technischem Support<\/strong> f\u00fcr reibungslose Dreh<\/p>\n","protected":false},"excerpt":{"rendered":"<p>Die Antari F-80Z Fog Machine ist eine kompakte und zuverl\u00e4ssige Nebelmaschine, die bei Palma Equipment Rentalzur Miete erh\u00e4ltlich ist und sich ideal eignet, um Atmosph\u00e4re und Tiefe bei Fotoshootings, Filmproduktionen und Werbedrehs zu erzeugen. Klein, leicht und mit schneller Aufheizzeit produziert sie einen gleichm\u00e4\u00dfigen Nebeleffekt, der Lichtstrahlen sichtbar macht, Beleuchtung hervorhebt und Fashion-, Werbe- und Videoproduktionen eine besondere Stimmung verleiht. [&hellip;]<\/p>\n","protected":false},"featured_media":14412,"template":"","meta":[],"product_cat":[146,178],"product_tag":[],"class_list":{"0":"post-3431","1":"product","2":"type-product","3":"status-publish","4":"has-post-thumbnail","6":"product_cat-nebel","7":"product_cat-nebel-de","9":"first","10":"instock","11":"shipping-taxable","12":"purchasable","13":"product-type-simple"},"_links":{"self":[{"href":"https:\/\/palmaequipmentrental.com\/de\/wp-json\/wp\/v2\/product\/3431","targetHints":{"allow":["GET"]}}],"collection":[{"href":"https:\/\/palmaequipmentrental.com\/de\/wp-json\/wp\/v2\/product"}],"about":[{"href":"https:\/\/palmaequipmentrental.com\/de\/wp-json\/wp\/v2\/types\/product"}],"wp:featuredmedia":[{"embeddable":true,"href":"https:\/\/palmaequipmentrental.com\/de\/wp-json\/wp\/v2\/media\/14412"}],"wp:attachment":[{"href":"https:\/\/palmaequipmentrental.com\/de\/wp-json\/wp\/v2\/media?parent=3431"}],"wp:term":[{"taxonomy":"product_cat","embeddable":true,"href":"https:\/\/palmaequipmentrental.com\/de\/wp-json\/wp\/v2\/product_cat?post=3431"},{"taxonomy":"product_tag","embeddable":true,"href":"https:\/\/palmaequipmentrental.com\/de\/wp-json\/wp\/v2\/product_tag?post=3431"}],"curies":[{"name":"wp","href":"https:\/\/api.w.org\/{rel}","templated":true}]}}