{"id":3443,"date":"2015-07-15T12:02:42","date_gmt":"2015-07-15T12:02:42","guid":{"rendered":"http:\/\/www.palmaequipmentrental.com\/product\/iworkcase-two-15-retina-2\/"},"modified":"2022-08-05T11:42:53","modified_gmt":"2022-08-05T11:42:53","slug":"iworkcase-two-15-retina","status":"publish","type":"product","link":"https:\/\/palmaequipmentrental.com\/de\/photo-video-equipment-mallorca\/iworkcase-two-15-retina\/","title":{"rendered":"iWorkCase two"},"content":{"rendered":"<p><strong>iWorkCase two Laptop-St\u00e4nder<\/strong><\/p>\n<p>Unser iWorkCase enth\u00e4lt ein leichtes digitales Stativ und eine Nivellier basis.<\/p>\n<p>Das iWorkCase bietet Platz f\u00fcr einen oder zwei HyperJuice-Akkus, eine oder zwei externe 2,5&#8243;-Festplatten (je nach Marke), einen USB 3.0 CF Card Reader und 6 CF-Karten.<\/p>\n","protected":false},"excerpt":{"rendered":"<p>iWorkCase two Laptop-St\u00e4nder Unser iWorkCase enth\u00e4lt ein leichtes digitales Stativ und eine Nivellier basis. Das iWorkCase bietet Platz f\u00fcr einen oder zwei HyperJuice-Akkus, eine oder zwei externe 2,5&#8243;-Festplatten (je nach Marke), einen USB 3.0 CF Card Reader und 6 CF-Karten.<\/p>\n","protected":false},"featured_media":9908,"template":"","meta":[],"product_cat":[754],"product_tag":[],"class_list":{"0":"post-3443","1":"product","2":"type-product","3":"status-publish","4":"has-post-thumbnail","6":"product_cat-digitaler-workstation","8":"first","9":"instock","10":"shipping-taxable","11":"purchasable","12":"product-type-simple"},"_links":{"self":[{"href":"https:\/\/palmaequipmentrental.com\/de\/wp-json\/wp\/v2\/product\/3443","targetHints":{"allow":["GET"]}}],"collection":[{"href":"https:\/\/palmaequipmentrental.com\/de\/wp-json\/wp\/v2\/product"}],"about":[{"href":"https:\/\/palmaequipmentrental.com\/de\/wp-json\/wp\/v2\/types\/product"}],"wp:featuredmedia":[{"embeddable":true,"href":"https:\/\/palmaequipmentrental.com\/de\/wp-json\/wp\/v2\/media\/9908"}],"wp:attachment":[{"href":"https:\/\/palmaequipmentrental.com\/de\/wp-json\/wp\/v2\/media?parent=3443"}],"wp:term":[{"taxonomy":"product_cat","embeddable":true,"href":"https:\/\/palmaequipmentrental.com\/de\/wp-json\/wp\/v2\/product_cat?post=3443"},{"taxonomy":"product_tag","embeddable":true,"href":"https:\/\/palmaequipmentrental.com\/de\/wp-json\/wp\/v2\/product_tag?post=3443"}],"curies":[{"name":"wp","href":"https:\/\/api.w.org\/{rel}","templated":true}]}}