{"id":3484,"date":"2012-05-10T15:44:25","date_gmt":"2012-05-10T15:44:25","guid":{"rendered":"http:\/\/www.palmaequipmentrental.com\/product\/edelkrone-slider-plus-pro-xlarge-2\/"},"modified":"2022-08-05T11:43:39","modified_gmt":"2022-08-05T11:43:39","slug":"edelkrone-slider-plus-pro-xlarge","status":"publish","type":"product","link":"https:\/\/palmaequipmentrental.com\/de\/photo-video-equipment-mallorca\/edelkrone-slider-plus-pro-xlarge\/","title":{"rendered":"Edelkrone Slider Plus Pro XLarge"},"content":{"rendered":"<p>Der Edelkrone SliderPLUS ist der einzige Kamera-Slider der Welt, der die doppelte L\u00e4nge seiner eigenen L\u00e4nge zur\u00fccklegen kann.<\/p>\n<p>Das einzigartige Design gleicht das Schienensystem aus und verdoppelt so die Gleitstrecke. \u00a0Die neue Kamerahalterung\/der neue Kameratr\u00e4ger macht das System noch haltbarer und anpassungsf\u00e4higer, was es ideal f\u00fcr professionelle Setups macht.<\/p>\n<p>Das Schienensystem des SliderPLUS PRO zieht sich w\u00e4hrend des Sliderbetriebs zur\u00fcck. \u00a0Sie behalten den Vorteil, den perfekten Slider mit einer erstaunlichen Dolly-Funktion zu haben.<\/p>\n<p>Einfach zu bedienen mit nur einem Kamerastativ.<\/p>\n","protected":false},"excerpt":{"rendered":"<p>Der Edelkrone SliderPLUS ist der einzige Kamera-Slider der Welt, der die doppelte L\u00e4nge seiner eigenen L\u00e4nge zur\u00fccklegen kann. Das einzigartige Design gleicht das Schienensystem aus und verdoppelt so die Gleitstrecke. \u00a0Die neue Kamerahalterung\/der neue Kameratr\u00e4ger macht das System noch haltbarer und anpassungsf\u00e4higer, was es ideal f\u00fcr professionelle Setups macht. Das Schienensystem des SliderPLUS PRO zieht sich w\u00e4hrend des Sliderbetriebs zur\u00fcck. [&hellip;]<\/p>\n","protected":false},"featured_media":9451,"template":"","meta":[],"product_cat":[175],"product_tag":[],"class_list":{"0":"post-3484","1":"product","2":"type-product","3":"status-publish","4":"has-post-thumbnail","6":"product_cat-kamerahalterungen","8":"first","9":"instock","10":"shipping-taxable","11":"purchasable","12":"product-type-simple"},"_links":{"self":[{"href":"https:\/\/palmaequipmentrental.com\/de\/wp-json\/wp\/v2\/product\/3484","targetHints":{"allow":["GET"]}}],"collection":[{"href":"https:\/\/palmaequipmentrental.com\/de\/wp-json\/wp\/v2\/product"}],"about":[{"href":"https:\/\/palmaequipmentrental.com\/de\/wp-json\/wp\/v2\/types\/product"}],"wp:featuredmedia":[{"embeddable":true,"href":"https:\/\/palmaequipmentrental.com\/de\/wp-json\/wp\/v2\/media\/9451"}],"wp:attachment":[{"href":"https:\/\/palmaequipmentrental.com\/de\/wp-json\/wp\/v2\/media?parent=3484"}],"wp:term":[{"taxonomy":"product_cat","embeddable":true,"href":"https:\/\/palmaequipmentrental.com\/de\/wp-json\/wp\/v2\/product_cat?post=3484"},{"taxonomy":"product_tag","embeddable":true,"href":"https:\/\/palmaequipmentrental.com\/de\/wp-json\/wp\/v2\/product_tag?post=3484"}],"curies":[{"name":"wp","href":"https:\/\/api.w.org\/{rel}","templated":true}]}}