{"id":3488,"date":"2012-05-10T15:44:25","date_gmt":"2012-05-10T15:44:25","guid":{"rendered":"http:\/\/www.palmaequipmentrental.com\/product\/manfrotto-545gb-video-tripod-2\/"},"modified":"2022-08-05T11:43:40","modified_gmt":"2022-08-05T11:43:40","slug":"manfrotto-545gb-video-tripod","status":"publish","type":"product","link":"https:\/\/palmaequipmentrental.com\/de\/photo-video-equipment-mallorca\/manfrotto-545gb-video-tripod\/","title":{"rendered":"Manfrotto 545GB\/509HD Video Stativ"},"content":{"rendered":"<p><strong>Videostativ-Ki<\/strong>t mit <strong>509HD Fluidkopf + 545GB Videostativ.<\/strong><\/p>\n<p>Der Manfrotto 509HD Fluid Videokopf mit 545GB Stativbeinen &amp; Bodenspinne bietet ein komplettes Stativ f\u00fcr professionelle Videokamerasysteme mit einem Gewicht von bis zu 13,1kg. \u00a0Ein 4-stufiger Ausgleichsmechanismus des 509HD Kopfes sorgt f\u00fcr optimale Balance und hilft beim schnellen Aufbau. \u00a0Der Stativkopf verf\u00fcgt \u00fcber ergonomische Verstellm\u00f6glichkeiten, Easy-Link-Verbindungen und verwendet f\u00fcr seine Komponenten leichte Materialien. \u00a0Dank der Bridging-Technologie mit einem kugelgelagerten Zugsystem bietet der Stativkopf eine professionelle Stabilit\u00e4t sowie pr\u00e4zise und reibungslose Bewegungen.<\/p>\n<p><strong>545GB Aluminium-Stativbeine<\/strong><\/p>\n<ul>\n<li>Maximale H\u00f6he 172 cm<\/li>\n<li>Minimale H\u00f6he 48 cm<\/li>\n<li>2-stufige Beine<\/li>\n<li>Mit einer Tragf\u00e4higkeit von bis zu 25 kg tragen die Beine bequem den 509HD-Kopf und professionelle Kameraausr\u00fcstung<\/li>\n<li>Die Manschetten der Stativbeine k\u00f6nnen mit Einrohrstativen ausgerichtet werden<\/li>\n<li>Die Bodenspreize h\u00e4lt die Beine an ihrem Platz und sorgt f\u00fcr mehr Stabilit\u00e4t<\/li>\n<li>Schnell abnehmbare Gummischuhe f\u00fcr besseren Halt auf glatten B\u00f6den<\/li>\n<li>Eingebaute 100-mm-Schnittstellenschale kann an 75-mm-Halbkugelk\u00f6pfe angepasst werden<\/li>\n<\/ul>\n<p><strong>509HD Stativkopf<\/strong><\/p>\n<ul>\n<li>Tragf\u00e4higkeit bis zu 13,1 kg<\/li>\n<li>4-stufiger Ausgleichsmechanismus sorgt f\u00fcr optimales Gleichgewicht und hilft bei der schnellen Einrichtung<\/li>\n<li>Ergonomische Einstellm\u00f6glichkeiten und Easy-Link-Verbindungen<\/li>\n<li>Bridging Technology mit kugelgelagertem Zugsystem<\/li>\n<li>Die ABR-Funktion (Advanced Balance Recorder) kann die perfekte Gleichgewichtsposition Ihrer Kamera aufzeichnen<\/li>\n<\/ul>\n","protected":false},"excerpt":{"rendered":"<p>Videostativ-Kit mit 509HD Fluidkopf + 545GB Videostativ. Der Manfrotto 509HD Fluid Videokopf mit 545GB Stativbeinen &amp; Bodenspinne bietet ein komplettes Stativ f\u00fcr professionelle Videokamerasysteme mit einem Gewicht von bis zu 13,1kg. \u00a0Ein 4-stufiger Ausgleichsmechanismus des 509HD Kopfes sorgt f\u00fcr optimale Balance und hilft beim schnellen Aufbau. \u00a0Der Stativkopf verf\u00fcgt \u00fcber ergonomische Verstellm\u00f6glichkeiten, Easy-Link-Verbindungen und verwendet f\u00fcr seine Komponenten leichte Materialien. [&hellip;]<\/p>\n","protected":false},"featured_media":9715,"template":"","meta":[],"product_cat":[171],"product_tag":[],"class_list":{"0":"post-3488","1":"product","2":"type-product","3":"status-publish","4":"has-post-thumbnail","6":"product_cat-kamerastative-de","8":"first","9":"instock","10":"shipping-taxable","11":"purchasable","12":"product-type-simple"},"_links":{"self":[{"href":"https:\/\/palmaequipmentrental.com\/de\/wp-json\/wp\/v2\/product\/3488","targetHints":{"allow":["GET"]}}],"collection":[{"href":"https:\/\/palmaequipmentrental.com\/de\/wp-json\/wp\/v2\/product"}],"about":[{"href":"https:\/\/palmaequipmentrental.com\/de\/wp-json\/wp\/v2\/types\/product"}],"wp:featuredmedia":[{"embeddable":true,"href":"https:\/\/palmaequipmentrental.com\/de\/wp-json\/wp\/v2\/media\/9715"}],"wp:attachment":[{"href":"https:\/\/palmaequipmentrental.com\/de\/wp-json\/wp\/v2\/media?parent=3488"}],"wp:term":[{"taxonomy":"product_cat","embeddable":true,"href":"https:\/\/palmaequipmentrental.com\/de\/wp-json\/wp\/v2\/product_cat?post=3488"},{"taxonomy":"product_tag","embeddable":true,"href":"https:\/\/palmaequipmentrental.com\/de\/wp-json\/wp\/v2\/product_tag?post=3488"}],"curies":[{"name":"wp","href":"https:\/\/api.w.org\/{rel}","templated":true}]}}