{"id":3526,"date":"2012-03-30T12:38:47","date_gmt":"2012-03-30T12:38:47","guid":{"rendered":"http:\/\/www.palmaequipmentrental.com\/?post_type=product&#038;p=3526"},"modified":"2025-11-21T09:36:43","modified_gmt":"2025-11-21T09:36:43","slug":"sony_alpha","status":"publish","type":"product","link":"https:\/\/palmaequipmentrental.com\/de\/photo-video-equipment-mallorca\/sony_alpha\/","title":{"rendered":"Sony Alpha 7 S III"},"content":{"rendered":"<p data-start=\"1716\" data-end=\"2165\">Die Sony Alpha 7S III ist eine spiegellose Vollformatkamera, entwickelt f\u00fcr herausragende Low-Light-Leistung und professionelle Videoaufnahmen. Der 12,1-MP-Exmor-R-CMOS-Sensor bietet eine au\u00dfergew\u00f6hnliche Empfindlichkeit von bis zu ISO 409.600 sowie 15 Blendenstufen Dynamikumfang. Nimm kinoreifes 4K-Video mit bis zu 120p und 10-bit-4:2:2-Aufzeichnung auf, unterst\u00fctzt durch schnellen Hybrid-Autofokus mit 759 Punkten und 5-Achs-Bildstabilisierung.<\/p>\n<p data-start=\"2167\" data-end=\"2210\"><strong data-start=\"2167\" data-end=\"2210\">Unser Sony Alpha 7S III Kit beinhaltet:<\/strong><\/p>\n<p data-start=\"2212\" data-end=\"2387\">1x Sony Alpha 7S III Geh\u00e4use<br data-start=\"2240\" data-end=\"2243\" \/>1x Sony Alpha 7S III Tragegurt<br data-start=\"2273\" data-end=\"2276\" \/>2x Sony NP-FZ100 Akkus<br data-start=\"2298\" data-end=\"2301\" \/>1x Sony NP-FZ100 Ladeger\u00e4t<br data-start=\"2327\" data-end=\"2330\" \/>1x Sandisk 128GB Speicherkarte<br data-start=\"2360\" data-end=\"2363\" \/>1x Sandisk Kartenleser<\/p>\n<p data-start=\"2389\" data-end=\"2401\"><strong data-start=\"2389\" data-end=\"2401\">Features<\/strong><\/p>\n<p data-start=\"2403\" data-end=\"2734\">12,1 Megapixel Vollformat Exmor R CMOS Sensor<br data-start=\"2448\" data-end=\"2451\" \/>BIONZ XR Bildprozessor<br data-start=\"2473\" data-end=\"2476\" \/>ISO 80\u2013102.400 (erweiterbar bis 409.600)<br data-start=\"2516\" data-end=\"2519\" \/>759-Punkt Hybrid-Autofokus<br data-start=\"2545\" data-end=\"2548\" \/>4K-Video bis zu 120p, 10-bit-4:2:2<br data-start=\"2582\" data-end=\"2585\" \/>16-bit RAW-Ausgabe<br data-start=\"2603\" data-end=\"2606\" \/>S-Log2 und S-Log3 Unterst\u00fctzung<br data-start=\"2637\" data-end=\"2640\" \/>5-Achs-Bildstabilisierung<br data-start=\"2665\" data-end=\"2668\" \/>Kompaktes, leichtes Geh\u00e4use: 699 g<br data-start=\"2702\" data-end=\"2705\" \/>Ma\u00dfe 128,9 \u00d7 96,9 \u00d7 80,8 mm<\/p>\n<p data-start=\"2736\" data-end=\"2898\">Die Sony Alpha 7S III ist eine hervorragende Wahl f\u00fcr professionelle Videoaufnahmen und bietet maximale Vielseitigkeit und Performance in jeder Aufnahmesituation.<\/p>\n<p data-start=\"2900\" data-end=\"3272\">Palma Equipment Rental mit Sitz in Palma de Mallorca ist Ihr zuverl\u00e4ssiger Partner f\u00fcr die Vermietung von professionellem Foto-, Video- und Production-Equipment auf den Balearischen Inseln. Mit flexiblem, effizientem und freundlichem Service sorgen wir daf\u00fcr, dass Ihre Produktionen reibungslos ablaufen. Mieten Sie das beste Equipment, um Ihre kreative Vision umzusetzen.<\/p>\n","protected":false},"excerpt":{"rendered":"<p>Die Sony Alpha 7S III ist eine spiegellose Vollformatkamera, entwickelt f\u00fcr herausragende Low-Light-Leistung und professionelle Videoaufnahmen. Der 12,1-MP-Exmor-R-CMOS-Sensor bietet eine au\u00dfergew\u00f6hnliche Empfindlichkeit von bis zu ISO 409.600 sowie 15 Blendenstufen Dynamikumfang. Nimm kinoreifes 4K-Video mit bis zu 120p und 10-bit-4:2:2-Aufzeichnung auf, unterst\u00fctzt durch schnellen Hybrid-Autofokus mit 759 Punkten und 5-Achs-Bildstabilisierung. Unser Sony Alpha 7S III Kit beinhaltet: 1x Sony Alpha [&hellip;]<\/p>\n","protected":false},"featured_media":15059,"template":"","meta":[],"product_cat":[142,169],"product_tag":[],"class_list":{"0":"post-3526","1":"product","2":"type-product","3":"status-publish","4":"has-post-thumbnail","6":"product_cat-kamera-body","7":"product_cat-kamera-body-de","9":"first","10":"instock","11":"shipping-taxable","12":"purchasable","13":"product-type-simple"},"_links":{"self":[{"href":"https:\/\/palmaequipmentrental.com\/de\/wp-json\/wp\/v2\/product\/3526","targetHints":{"allow":["GET"]}}],"collection":[{"href":"https:\/\/palmaequipmentrental.com\/de\/wp-json\/wp\/v2\/product"}],"about":[{"href":"https:\/\/palmaequipmentrental.com\/de\/wp-json\/wp\/v2\/types\/product"}],"wp:featuredmedia":[{"embeddable":true,"href":"https:\/\/palmaequipmentrental.com\/de\/wp-json\/wp\/v2\/media\/15059"}],"wp:attachment":[{"href":"https:\/\/palmaequipmentrental.com\/de\/wp-json\/wp\/v2\/media?parent=3526"}],"wp:term":[{"taxonomy":"product_cat","embeddable":true,"href":"https:\/\/palmaequipmentrental.com\/de\/wp-json\/wp\/v2\/product_cat?post=3526"},{"taxonomy":"product_tag","embeddable":true,"href":"https:\/\/palmaequipmentrental.com\/de\/wp-json\/wp\/v2\/product_tag?post=3526"}],"curies":[{"name":"wp","href":"https:\/\/api.w.org\/{rel}","templated":true}]}}