{"id":3530,"date":"2012-03-30T12:38:47","date_gmt":"2012-03-30T12:38:47","guid":{"rendered":"http:\/\/www.palmaequipmentrental.com\/product\/bowens-jetstream-350-wind-machine-2\/"},"modified":"2022-08-05T11:44:48","modified_gmt":"2022-08-05T11:44:48","slug":"bowens-jetstream-350-wind-machine","status":"publish","type":"product","link":"https:\/\/palmaequipmentrental.com\/de\/photo-video-equipment-mallorca\/bowens-jetstream-350-wind-machine\/","title":{"rendered":"Bowens 350 Gro\u00dfe Windmaschine"},"content":{"rendered":"<p><strong>Bowens Jet Stream 350 Richtungswindmaschine<\/strong> mit Fernbedienung.<\/p>\n<p>Ideal f\u00fcr Mode und Sch\u00f6nheit, wo es darauf ankommt, Bewegung in Haare und Kleidung zu bringen.<br \/>\nDer Jetstream 350 mit seinem gr\u00f6\u00dferen Durchmesser kann gro\u00dfe Luftmengen mit pr\u00e4ziser Kontrolle \u00fcber die Geschwindigkeit und Richtung erzeugen.<\/p>\n","protected":false},"excerpt":{"rendered":"<p>Bowens Jet Stream 350 Richtungswindmaschine mit Fernbedienung. Ideal f\u00fcr Mode und Sch\u00f6nheit, wo es darauf ankommt, Bewegung in Haare und Kleidung zu bringen. Der Jetstream 350 mit seinem gr\u00f6\u00dferen Durchmesser kann gro\u00dfe Luftmengen mit pr\u00e4ziser Kontrolle \u00fcber die Geschwindigkeit und Richtung erzeugen.<\/p>\n","protected":false},"featured_media":10203,"template":"","meta":[],"product_cat":[147,179],"product_tag":[],"class_list":{"0":"post-3530","1":"product","2":"type-product","3":"status-publish","4":"has-post-thumbnail","6":"product_cat-wind-de","7":"product_cat-wind-de-2","9":"first","10":"instock","11":"shipping-taxable","12":"purchasable","13":"product-type-simple"},"_links":{"self":[{"href":"https:\/\/palmaequipmentrental.com\/de\/wp-json\/wp\/v2\/product\/3530","targetHints":{"allow":["GET"]}}],"collection":[{"href":"https:\/\/palmaequipmentrental.com\/de\/wp-json\/wp\/v2\/product"}],"about":[{"href":"https:\/\/palmaequipmentrental.com\/de\/wp-json\/wp\/v2\/types\/product"}],"wp:featuredmedia":[{"embeddable":true,"href":"https:\/\/palmaequipmentrental.com\/de\/wp-json\/wp\/v2\/media\/10203"}],"wp:attachment":[{"href":"https:\/\/palmaequipmentrental.com\/de\/wp-json\/wp\/v2\/media?parent=3530"}],"wp:term":[{"taxonomy":"product_cat","embeddable":true,"href":"https:\/\/palmaequipmentrental.com\/de\/wp-json\/wp\/v2\/product_cat?post=3530"},{"taxonomy":"product_tag","embeddable":true,"href":"https:\/\/palmaequipmentrental.com\/de\/wp-json\/wp\/v2\/product_tag?post=3530"}],"curies":[{"name":"wp","href":"https:\/\/api.w.org\/{rel}","templated":true}]}}