{"id":3532,"date":"2012-03-30T11:52:10","date_gmt":"2012-03-30T11:52:10","guid":{"rendered":"http:\/\/www.palmaequipmentrental.com\/product\/spigot-brass-2\/"},"modified":"2022-08-05T11:53:13","modified_gmt":"2022-08-05T11:53:13","slug":"spigot-brass","status":"publish","type":"product","link":"https:\/\/palmaequipmentrental.com\/de\/photo-video-equipment-mallorca\/spigot-brass\/","title":{"rendered":"Adapter Zapfen Messing 2&#8243;"},"content":{"rendered":"<p>Dieser doppelendige Messingzapfenadapter hat einen universellen Durchmesser von 5\/8&#8243; (16 mm) und verf\u00fcgt sowohl \u00fcber 1\/4&#8243;-20 als auch 3\/8&#8243;-16 Au\u00dfengewinde.<\/p>\n<p>Stativadapter-Zapfen mit universellem 16-mm-Durchmesser-Gewinde.<br \/>\nStandard 6,4mm und 9,5mm Gewinde f\u00fcr Kompatibilit\u00e4t<\/p>\n","protected":false},"excerpt":{"rendered":"<p>Dieser doppelendige Messingzapfenadapter hat einen universellen Durchmesser von 5\/8&#8243; (16 mm) und verf\u00fcgt sowohl \u00fcber 1\/4&#8243;-20 als auch 3\/8&#8243;-16 Au\u00dfengewinde. Stativadapter-Zapfen mit universellem 16-mm-Durchmesser-Gewinde. Standard 6,4mm und 9,5mm Gewinde f\u00fcr Kompatibilit\u00e4t<\/p>\n","protected":false},"featured_media":10309,"template":"","meta":[],"product_cat":[152,166],"product_tag":[],"class_list":{"0":"post-3532","1":"product","2":"type-product","3":"status-publish","4":"has-post-thumbnail","6":"product_cat-klemme","7":"product_cat-klemme-de","9":"first","10":"instock","11":"shipping-taxable","12":"purchasable","13":"product-type-simple"},"_links":{"self":[{"href":"https:\/\/palmaequipmentrental.com\/de\/wp-json\/wp\/v2\/product\/3532","targetHints":{"allow":["GET"]}}],"collection":[{"href":"https:\/\/palmaequipmentrental.com\/de\/wp-json\/wp\/v2\/product"}],"about":[{"href":"https:\/\/palmaequipmentrental.com\/de\/wp-json\/wp\/v2\/types\/product"}],"wp:featuredmedia":[{"embeddable":true,"href":"https:\/\/palmaequipmentrental.com\/de\/wp-json\/wp\/v2\/media\/10309"}],"wp:attachment":[{"href":"https:\/\/palmaequipmentrental.com\/de\/wp-json\/wp\/v2\/media?parent=3532"}],"wp:term":[{"taxonomy":"product_cat","embeddable":true,"href":"https:\/\/palmaequipmentrental.com\/de\/wp-json\/wp\/v2\/product_cat?post=3532"},{"taxonomy":"product_tag","embeddable":true,"href":"https:\/\/palmaequipmentrental.com\/de\/wp-json\/wp\/v2\/product_tag?post=3532"}],"curies":[{"name":"wp","href":"https:\/\/api.w.org\/{rel}","templated":true}]}}