{"id":3544,"date":"2012-03-30T11:52:10","date_gmt":"2012-03-30T11:52:10","guid":{"rendered":"http:\/\/www.palmaequipmentrental.com\/product\/pup-adaptor-2\/"},"modified":"2022-08-05T11:45:17","modified_gmt":"2022-08-05T11:45:17","slug":"pup-adaptor","status":"publish","type":"product","link":"https:\/\/palmaequipmentrental.com\/de\/photo-video-equipment-mallorca\/pup-adaptor\/","title":{"rendered":"Pup Adapter"},"content":{"rendered":"<p>Der <strong>Pup Spigot-Adapter<\/strong> passt gro\u00dfe auf kleine Spigot.<\/p>\n<p>Stand-Adapter zu konvertieren jede Junior-Empf\u00e4nger zu einem Baby m\u00e4nnlich Spigot \/ Pin<\/p>\n<ul>\n<li>Befestigung Unten 1 1\/8\u2033 (28mm) Junior Spigot<\/li>\n<li>Oberer Aufsatz 5\/8\u2033 (16mm) Baby Zapfen<\/li>\n<\/ul>\n","protected":false},"excerpt":{"rendered":"<p>Der Pup Spigot-Adapter passt gro\u00dfe auf kleine Spigot. Stand-Adapter zu konvertieren jede Junior-Empf\u00e4nger zu einem Baby m\u00e4nnlich Spigot \/ Pin Befestigung Unten 1 1\/8\u2033 (28mm) Junior Spigot Oberer Aufsatz 5\/8\u2033 (16mm) Baby Zapfen<\/p>\n","protected":false},"featured_media":10278,"template":"","meta":[],"product_cat":[152,166],"product_tag":[],"class_list":{"0":"post-3544","1":"product","2":"type-product","3":"status-publish","4":"has-post-thumbnail","6":"product_cat-klemme","7":"product_cat-klemme-de","9":"first","10":"instock","11":"shipping-taxable","12":"purchasable","13":"product-type-simple"},"_links":{"self":[{"href":"https:\/\/palmaequipmentrental.com\/de\/wp-json\/wp\/v2\/product\/3544","targetHints":{"allow":["GET"]}}],"collection":[{"href":"https:\/\/palmaequipmentrental.com\/de\/wp-json\/wp\/v2\/product"}],"about":[{"href":"https:\/\/palmaequipmentrental.com\/de\/wp-json\/wp\/v2\/types\/product"}],"wp:featuredmedia":[{"embeddable":true,"href":"https:\/\/palmaequipmentrental.com\/de\/wp-json\/wp\/v2\/media\/10278"}],"wp:attachment":[{"href":"https:\/\/palmaequipmentrental.com\/de\/wp-json\/wp\/v2\/media?parent=3544"}],"wp:term":[{"taxonomy":"product_cat","embeddable":true,"href":"https:\/\/palmaequipmentrental.com\/de\/wp-json\/wp\/v2\/product_cat?post=3544"},{"taxonomy":"product_tag","embeddable":true,"href":"https:\/\/palmaequipmentrental.com\/de\/wp-json\/wp\/v2\/product_tag?post=3544"}],"curies":[{"name":"wp","href":"https:\/\/api.w.org\/{rel}","templated":true}]}}