{"id":3564,"date":"2012-03-30T09:30:11","date_gmt":"2012-03-30T09:30:11","guid":{"rendered":"http:\/\/www.palmaequipmentrental.com\/product\/polly-trolley-2\/"},"modified":"2024-01-15T09:51:04","modified_gmt":"2024-01-15T09:51:04","slug":"polly-trolley","status":"publish","type":"product","link":"https:\/\/palmaequipmentrental.com\/de\/photo-video-equipment-mallorca\/polly-trolley\/","title":{"rendered":"Bodenst\u00e4nder f\u00fcr Polyboards"},"content":{"rendered":"<p>F\u00fcge deinem Shooting einen Hauch von Professionalit\u00e4t hinzu mit dem Bodenst\u00e4nder f\u00fcr Polyboards von Palma Equipment Rental. Ideal f\u00fcr Fotografen und Filmemacher in Palma de Mallorca und den Balearen, ist dieser St\u00e4nder perfekt, um Beleuchtungs-V-Flats und -W\u00e4nde in der Mode- und Werbefotografie zu erstellen.<\/p>\n<p>Technische Details:<\/p>\n<ul>\n<li>Robustes Design sorgt f\u00fcr eine sichere Platzierung der Polyboards<\/li>\n<li>Einfach aufzubauen und zu bewegen, passt sich dynamischen Shooting-Umgebungen an<\/li>\n<li>Ideal zum Erstellen von Beleuchtungs-V-Flats und -W\u00e4nden f\u00fcr pr\u00e4zise Lichtkontrolle<\/li>\n<\/ul>\n<p>Warum du es brauchst? Der Bodenst\u00e4nder f\u00fcr Polyboards ist ein Muss, um optimale Lichtreflexion und -balance zu erreichen und jede Aufnahme mit makelloser Beleuchtung einzufangen.<\/p>\n<p>Bei Palma Equipment Rental widmen wir uns der Bereitstellung erstklassiger Ausr\u00fcstung f\u00fcr deine kreativen Unternehmungen. Neben renommierten Marken wie Profoto und Canon ist der Bodenst\u00e4nder f\u00fcr Polyboards ein wesentlicher Teil unserer umfangreichen Kollektion. Mit unserem Engagement f\u00fcr Flexibilit\u00e4t, Effizienz und 24\/7-Support sind wir die erste Anlaufstelle f\u00fcr Profis auf Menorca, Ibiza, Formentera und dem spanischen Festland und sorgen daf\u00fcr, dass jedes Shooting ein Erfolg wird.<\/p>\n","protected":false},"excerpt":{"rendered":"<p>F\u00fcge deinem Shooting einen Hauch von Professionalit\u00e4t hinzu mit dem Bodenst\u00e4nder f\u00fcr Polyboards von Palma Equipment Rental. Ideal f\u00fcr Fotografen und Filmemacher in Palma de Mallorca und den Balearen, ist dieser St\u00e4nder perfekt, um Beleuchtungs-V-Flats und -W\u00e4nde in der Mode- und Werbefotografie zu erstellen. Technische Details: Robustes Design sorgt f\u00fcr eine sichere Platzierung der Polyboards Einfach aufzubauen und zu bewegen, [&hellip;]<\/p>\n","protected":false},"featured_media":8792,"template":"","meta":[],"product_cat":[151,165],"product_tag":[],"class_list":{"0":"post-3564","1":"product","2":"type-product","3":"status-publish","4":"has-post-thumbnail","6":"product_cat-lampenstative","7":"product_cat-lampenstative-de","9":"first","10":"instock","11":"shipping-taxable","12":"purchasable","13":"product-type-simple"},"_links":{"self":[{"href":"https:\/\/palmaequipmentrental.com\/de\/wp-json\/wp\/v2\/product\/3564","targetHints":{"allow":["GET"]}}],"collection":[{"href":"https:\/\/palmaequipmentrental.com\/de\/wp-json\/wp\/v2\/product"}],"about":[{"href":"https:\/\/palmaequipmentrental.com\/de\/wp-json\/wp\/v2\/types\/product"}],"wp:featuredmedia":[{"embeddable":true,"href":"https:\/\/palmaequipmentrental.com\/de\/wp-json\/wp\/v2\/media\/8792"}],"wp:attachment":[{"href":"https:\/\/palmaequipmentrental.com\/de\/wp-json\/wp\/v2\/media?parent=3564"}],"wp:term":[{"taxonomy":"product_cat","embeddable":true,"href":"https:\/\/palmaequipmentrental.com\/de\/wp-json\/wp\/v2\/product_cat?post=3564"},{"taxonomy":"product_tag","embeddable":true,"href":"https:\/\/palmaequipmentrental.com\/de\/wp-json\/wp\/v2\/product_tag?post=3564"}],"curies":[{"name":"wp","href":"https:\/\/api.w.org\/{rel}","templated":true}]}}