{"id":3574,"date":"2012-03-30T09:30:11","date_gmt":"2012-03-30T09:30:11","guid":{"rendered":"http:\/\/www.palmaequipmentrental.com\/product\/spider-stand-2\/"},"modified":"2022-08-05T11:45:22","modified_gmt":"2022-08-05T11:45:22","slug":"spider-stand","status":"publish","type":"product","link":"https:\/\/palmaequipmentrental.com\/de\/photo-video-equipment-mallorca\/spider-stand\/","title":{"rendered":"Bodenstativ Backlite"},"content":{"rendered":"<p>Bodenstativ Backlite Fuss mit Zapfen und Stativrohr Backlite<\/p>\n<p>Ausziehbarer Arm mit doppeltem m\u00e4nnlichen Zapfen.<\/p>\n<p>Minimale H\u00f6he 48 cm, maximale H\u00f6he 80 cm.<\/p>\n<ul class=\"pdp-info__bulletpoints\">\n<li>Aufbau in k\u00fcrzester Zeit<\/li>\n<li>Flach zusammenlegbar<\/li>\n<li>Erm\u00f6glicht den Anschluss eines Beleuchtungsk\u00f6rpers in Bodenn\u00e4he<\/li>\n<\/ul>\n","protected":false},"excerpt":{"rendered":"<p>Bodenstativ Backlite Fuss mit Zapfen und Stativrohr Backlite Ausziehbarer Arm mit doppeltem m\u00e4nnlichen Zapfen. Minimale H\u00f6he 48 cm, maximale H\u00f6he 80 cm. Aufbau in k\u00fcrzester Zeit Flach zusammenlegbar Erm\u00f6glicht den Anschluss eines Beleuchtungsk\u00f6rpers in Bodenn\u00e4he<\/p>\n","protected":false},"featured_media":140,"template":"","meta":[],"product_cat":[151,165],"product_tag":[],"class_list":{"0":"post-3574","1":"product","2":"type-product","3":"status-publish","4":"has-post-thumbnail","6":"product_cat-lampenstative","7":"product_cat-lampenstative-de","9":"first","10":"instock","11":"shipping-taxable","12":"purchasable","13":"product-type-simple"},"_links":{"self":[{"href":"https:\/\/palmaequipmentrental.com\/de\/wp-json\/wp\/v2\/product\/3574","targetHints":{"allow":["GET"]}}],"collection":[{"href":"https:\/\/palmaequipmentrental.com\/de\/wp-json\/wp\/v2\/product"}],"about":[{"href":"https:\/\/palmaequipmentrental.com\/de\/wp-json\/wp\/v2\/types\/product"}],"wp:featuredmedia":[{"embeddable":true,"href":"https:\/\/palmaequipmentrental.com\/de\/wp-json\/wp\/v2\/media\/140"}],"wp:attachment":[{"href":"https:\/\/palmaequipmentrental.com\/de\/wp-json\/wp\/v2\/media?parent=3574"}],"wp:term":[{"taxonomy":"product_cat","embeddable":true,"href":"https:\/\/palmaequipmentrental.com\/de\/wp-json\/wp\/v2\/product_cat?post=3574"},{"taxonomy":"product_tag","embeddable":true,"href":"https:\/\/palmaequipmentrental.com\/de\/wp-json\/wp\/v2\/product_tag?post=3574"}],"curies":[{"name":"wp","href":"https:\/\/api.w.org\/{rel}","templated":true}]}}