{"id":3576,"date":"2012-03-30T09:30:11","date_gmt":"2012-03-30T09:30:11","guid":{"rendered":"http:\/\/www.palmaequipmentrental.com\/product\/medium-roller-2\/"},"modified":"2022-08-05T11:45:22","modified_gmt":"2022-08-05T11:45:22","slug":"stativ-medium-roller","status":"publish","type":"product","link":"https:\/\/palmaequipmentrental.com\/de\/photo-video-equipment-mallorca\/stativ-medium-roller\/","title":{"rendered":"Stativ Medium Roller"},"content":{"rendered":"<p>Stativ Medium Roller (A1035CS) mit Rollen und Gobokopf (D400)<\/p>\n<p><strong>Merkmale<\/strong><\/p>\n<ul>\n<li>Maximale H\u00f6he: 350cm<\/li>\n<li>Minimale H\u00f6he: 168cm<\/li>\n<li>Material: Aluminium und Stahl<\/li>\n<li>Tragf\u00e4higkeit: 40kg<\/li>\n<li>Gewicht: 10kg<\/li>\n<\/ul>\n<p>&nbsp;<\/p>\n<p>&nbsp;<\/p>\n<p>&nbsp;<\/p>\n","protected":false},"excerpt":{"rendered":"<p>Stativ Medium Roller (A1035CS) mit Rollen und Gobokopf (D400) Merkmale Maximale H\u00f6he: 350cm Minimale H\u00f6he: 168cm Material: Aluminium und Stahl Tragf\u00e4higkeit: 40kg Gewicht: 10kg &nbsp; &nbsp; &nbsp;<\/p>\n","protected":false},"featured_media":13299,"template":"","meta":[],"product_cat":[151,165],"product_tag":[],"class_list":{"0":"post-3576","1":"product","2":"type-product","3":"status-publish","4":"has-post-thumbnail","6":"product_cat-lampenstative","7":"product_cat-lampenstative-de","9":"first","10":"instock","11":"shipping-taxable","12":"purchasable","13":"product-type-simple"},"_links":{"self":[{"href":"https:\/\/palmaequipmentrental.com\/de\/wp-json\/wp\/v2\/product\/3576","targetHints":{"allow":["GET"]}}],"collection":[{"href":"https:\/\/palmaequipmentrental.com\/de\/wp-json\/wp\/v2\/product"}],"about":[{"href":"https:\/\/palmaequipmentrental.com\/de\/wp-json\/wp\/v2\/types\/product"}],"wp:featuredmedia":[{"embeddable":true,"href":"https:\/\/palmaequipmentrental.com\/de\/wp-json\/wp\/v2\/media\/13299"}],"wp:attachment":[{"href":"https:\/\/palmaequipmentrental.com\/de\/wp-json\/wp\/v2\/media?parent=3576"}],"wp:term":[{"taxonomy":"product_cat","embeddable":true,"href":"https:\/\/palmaequipmentrental.com\/de\/wp-json\/wp\/v2\/product_cat?post=3576"},{"taxonomy":"product_tag","embeddable":true,"href":"https:\/\/palmaequipmentrental.com\/de\/wp-json\/wp\/v2\/product_tag?post=3576"}],"curies":[{"name":"wp","href":"https:\/\/api.w.org\/{rel}","templated":true}]}}