{"id":3612,"date":"2012-03-29T11:08:37","date_gmt":"2012-03-29T11:08:37","guid":{"rendered":"http:\/\/www.palmaequipmentrental.com\/product\/net-kit-large-2\/"},"modified":"2023-02-01T20:55:48","modified_gmt":"2023-02-01T20:55:48","slug":"net-kit-large","status":"publish","type":"product","link":"https:\/\/palmaequipmentrental.com\/de\/photo-video-equipment-mallorca\/net-kit-large\/","title":{"rendered":"Scrim Set Large 24&#215;36&#8243;"},"content":{"rendered":"<p>Unser<strong> Netz-Kit\u00a0Gro\u00df<\/strong> 24&#8243; x 36&#8243; (61 x 91cm) enth\u00e4lt:<\/p>\n<ul>\n<li>1x Gro\u00dfes Einzelnetz<\/li>\n<li>1x Gro\u00dfes Doppelnetz und<\/li>\n<li>1x Gro\u00dfe 1 Stop Seide<\/li>\n<\/ul>\n","protected":false},"excerpt":{"rendered":"<p>Unser Netz-Kit\u00a0Gro\u00df 24&#8243; x 36&#8243; (61 x 91cm) enth\u00e4lt: 1x Gro\u00dfes Einzelnetz 1x Gro\u00dfes Doppelnetz und 1x Gro\u00dfe 1 Stop Seide<\/p>\n","protected":false},"featured_media":6076,"template":"","meta":[],"product_cat":[805,806],"product_tag":[],"class_list":{"0":"post-3612","1":"product","2":"type-product","3":"status-publish","4":"has-post-thumbnail","6":"product_cat-scrims-v-de","7":"product_cat-scrims","9":"first","10":"instock","11":"shipping-taxable","12":"purchasable","13":"product-type-simple"},"_links":{"self":[{"href":"https:\/\/palmaequipmentrental.com\/de\/wp-json\/wp\/v2\/product\/3612","targetHints":{"allow":["GET"]}}],"collection":[{"href":"https:\/\/palmaequipmentrental.com\/de\/wp-json\/wp\/v2\/product"}],"about":[{"href":"https:\/\/palmaequipmentrental.com\/de\/wp-json\/wp\/v2\/types\/product"}],"wp:featuredmedia":[{"embeddable":true,"href":"https:\/\/palmaequipmentrental.com\/de\/wp-json\/wp\/v2\/media\/6076"}],"wp:attachment":[{"href":"https:\/\/palmaequipmentrental.com\/de\/wp-json\/wp\/v2\/media?parent=3612"}],"wp:term":[{"taxonomy":"product_cat","embeddable":true,"href":"https:\/\/palmaequipmentrental.com\/de\/wp-json\/wp\/v2\/product_cat?post=3612"},{"taxonomy":"product_tag","embeddable":true,"href":"https:\/\/palmaequipmentrental.com\/de\/wp-json\/wp\/v2\/product_tag?post=3612"}],"curies":[{"name":"wp","href":"https:\/\/api.w.org\/{rel}","templated":true}]}}