{"id":3628,"date":"2012-03-29T10:54:01","date_gmt":"2012-03-29T10:54:01","guid":{"rendered":"http:\/\/www.palmaequipmentrental.com\/product\/12x12-grifflon-2\/"},"modified":"2022-08-10T08:25:41","modified_gmt":"2022-08-10T08:25:41","slug":"12x12-grifflon","status":"publish","type":"product","link":"https:\/\/palmaequipmentrental.com\/de\/photo-video-equipment-mallorca\/12x12-grifflon\/","title":{"rendered":"12&#215;12 Grifflon B\/W"},"content":{"rendered":"<p><strong>12&#215;12&#8242; Schwarz\/wei\u00dfer Griffolyn-Stoff<\/strong><\/p>\n<p>360 x 360 cm gro\u00dfes wasserdichtes Tuch mit Rahmenb\u00e4ndern.<\/p>\n<p>Lichtabsorbierendes Schwarz auf einer Seite &#8211; reflektierendes Wei\u00df auf der anderen.<\/p>\n","protected":false},"excerpt":{"rendered":"<p>12&#215;12&#8242; Schwarz\/wei\u00dfer Griffolyn-Stoff 360 x 360 cm gro\u00dfes wasserdichtes Tuch mit Rahmenb\u00e4ndern. Lichtabsorbierendes Schwarz auf einer Seite &#8211; reflektierendes Wei\u00df auf der anderen.<\/p>\n","protected":false},"featured_media":10355,"template":"","meta":[],"product_cat":[823,816],"product_tag":[],"class_list":{"0":"post-3628","1":"product","2":"type-product","3":"status-publish","4":"has-post-thumbnail","6":"product_cat-12x12-butterfly-de","7":"product_cat-12x12-butterfly-v-de","9":"first","10":"instock","11":"shipping-taxable","12":"purchasable","13":"product-type-simple"},"_links":{"self":[{"href":"https:\/\/palmaequipmentrental.com\/de\/wp-json\/wp\/v2\/product\/3628","targetHints":{"allow":["GET"]}}],"collection":[{"href":"https:\/\/palmaequipmentrental.com\/de\/wp-json\/wp\/v2\/product"}],"about":[{"href":"https:\/\/palmaequipmentrental.com\/de\/wp-json\/wp\/v2\/types\/product"}],"wp:featuredmedia":[{"embeddable":true,"href":"https:\/\/palmaequipmentrental.com\/de\/wp-json\/wp\/v2\/media\/10355"}],"wp:attachment":[{"href":"https:\/\/palmaequipmentrental.com\/de\/wp-json\/wp\/v2\/media?parent=3628"}],"wp:term":[{"taxonomy":"product_cat","embeddable":true,"href":"https:\/\/palmaequipmentrental.com\/de\/wp-json\/wp\/v2\/product_cat?post=3628"},{"taxonomy":"product_tag","embeddable":true,"href":"https:\/\/palmaequipmentrental.com\/de\/wp-json\/wp\/v2\/product_tag?post=3628"}],"curies":[{"name":"wp","href":"https:\/\/api.w.org\/{rel}","templated":true}]}}