{"id":3638,"date":"2012-03-29T09:35:46","date_gmt":"2012-03-29T09:35:46","guid":{"rendered":"http:\/\/www.palmaequipmentrental.com\/product\/blonde-2k-2\/"},"modified":"2023-02-08T13:47:46","modified_gmt":"2023-02-08T13:47:46","slug":"blonde-2k","status":"publish","type":"product","link":"https:\/\/palmaequipmentrental.com\/de\/photo-video-equipment-mallorca\/blonde-2k\/","title":{"rendered":"ARRI Open Face 2000w"},"content":{"rendered":"<p><strong>Arri 2000w Open Face Wolfram Lampe &#8222;Blonde&#8220;.<\/strong><\/p>\n<p>Diese 2kw Wolfram hat keine Fresnel-Glas daher seine hohe Lichtleistung und Ausbreitung ist ideal f\u00fcr Bouncing oder diffus und bietet eine gro\u00dfe Fl\u00e4che Abdeckung.<\/p>\n","protected":false},"excerpt":{"rendered":"<p>Arri 2000w Open Face Wolfram Lampe &#8222;Blonde&#8220;. Diese 2kw Wolfram hat keine Fresnel-Glas daher seine hohe Lichtleistung und Ausbreitung ist ideal f\u00fcr Bouncing oder diffus und bietet eine gro\u00dfe Fl\u00e4che Abdeckung.<\/p>\n","protected":false},"featured_media":12590,"template":"","meta":[],"product_cat":[723,161],"product_tag":[],"class_list":{"0":"post-3638","1":"product","2":"type-product","3":"status-publish","4":"has-post-thumbnail","6":"product_cat-tungsten-2-de","7":"product_cat-kunstlicht-de","9":"first","10":"instock","11":"shipping-taxable","12":"purchasable","13":"product-type-simple"},"_links":{"self":[{"href":"https:\/\/palmaequipmentrental.com\/de\/wp-json\/wp\/v2\/product\/3638","targetHints":{"allow":["GET"]}}],"collection":[{"href":"https:\/\/palmaequipmentrental.com\/de\/wp-json\/wp\/v2\/product"}],"about":[{"href":"https:\/\/palmaequipmentrental.com\/de\/wp-json\/wp\/v2\/types\/product"}],"wp:featuredmedia":[{"embeddable":true,"href":"https:\/\/palmaequipmentrental.com\/de\/wp-json\/wp\/v2\/media\/12590"}],"wp:attachment":[{"href":"https:\/\/palmaequipmentrental.com\/de\/wp-json\/wp\/v2\/media?parent=3638"}],"wp:term":[{"taxonomy":"product_cat","embeddable":true,"href":"https:\/\/palmaequipmentrental.com\/de\/wp-json\/wp\/v2\/product_cat?post=3638"},{"taxonomy":"product_tag","embeddable":true,"href":"https:\/\/palmaequipmentrental.com\/de\/wp-json\/wp\/v2\/product_tag?post=3638"}],"curies":[{"name":"wp","href":"https:\/\/api.w.org\/{rel}","templated":true}]}}