{"id":3642,"date":"2012-03-26T15:44:56","date_gmt":"2012-03-26T15:44:56","guid":{"rendered":"http:\/\/www.palmaequipmentrental.com\/product\/kino-flo-2\/"},"modified":"2023-02-16T12:02:08","modified_gmt":"2023-02-16T12:02:08","slug":"kino-flo","status":"publish","type":"product","link":"https:\/\/palmaequipmentrental.com\/de\/photo-video-equipment-mallorca\/kino-flo\/","title":{"rendered":"Kino Flo 4ft 4 bank"},"content":{"rendered":"<p>Flimmerfreie Leuchtstoffr\u00f6hrenbeleuchtung mit austauschbaren Tageslicht- und Kunstlichtlampen.<\/p>\n<p>Eine vielseitige Lichtquelle sowohl f\u00fcr Standbilder als auch f\u00fcr bewegte Bilder.<\/p>\n<p>Verschiedene Gr\u00f6\u00dfen verf\u00fcgbar.<\/p>\n","protected":false},"excerpt":{"rendered":"<p>Flimmerfreie Leuchtstoffr\u00f6hrenbeleuchtung mit austauschbaren Tageslicht- und Kunstlichtlampen. Eine vielseitige Lichtquelle sowohl f\u00fcr Standbilder als auch f\u00fcr bewegte Bilder. Verschiedene Gr\u00f6\u00dfen verf\u00fcgbar.<\/p>\n","protected":false},"featured_media":12549,"template":"","meta":[],"product_cat":[139,159],"product_tag":[],"class_list":{"0":"post-3642","1":"product","2":"type-product","3":"status-publish","4":"has-post-thumbnail","6":"product_cat-kinoflo","7":"product_cat-kinoflo-de","9":"first","10":"instock","11":"shipping-taxable","12":"purchasable","13":"product-type-simple"},"_links":{"self":[{"href":"https:\/\/palmaequipmentrental.com\/de\/wp-json\/wp\/v2\/product\/3642","targetHints":{"allow":["GET"]}}],"collection":[{"href":"https:\/\/palmaequipmentrental.com\/de\/wp-json\/wp\/v2\/product"}],"about":[{"href":"https:\/\/palmaequipmentrental.com\/de\/wp-json\/wp\/v2\/types\/product"}],"wp:featuredmedia":[{"embeddable":true,"href":"https:\/\/palmaequipmentrental.com\/de\/wp-json\/wp\/v2\/media\/12549"}],"wp:attachment":[{"href":"https:\/\/palmaequipmentrental.com\/de\/wp-json\/wp\/v2\/media?parent=3642"}],"wp:term":[{"taxonomy":"product_cat","embeddable":true,"href":"https:\/\/palmaequipmentrental.com\/de\/wp-json\/wp\/v2\/product_cat?post=3642"},{"taxonomy":"product_tag","embeddable":true,"href":"https:\/\/palmaequipmentrental.com\/de\/wp-json\/wp\/v2\/product_tag?post=3642"}],"curies":[{"name":"wp","href":"https:\/\/api.w.org\/{rel}","templated":true}]}}