{"id":3644,"date":"2012-03-26T15:17:25","date_gmt":"2012-03-26T15:17:25","guid":{"rendered":"http:\/\/www.palmaequipmentrental.com\/product\/photoflex-blackwhite-45-umbrell-45-2\/"},"modified":"2022-08-05T11:46:02","modified_gmt":"2022-08-05T11:46:02","slug":"photoflex-blackwhite-45-umbrell-45","status":"publish","type":"product","link":"https:\/\/palmaequipmentrental.com\/de\/photo-video-equipment-mallorca\/photoflex-blackwhite-45-umbrell-45\/","title":{"rendered":"Photoflex Schirme 45\u201d Weiss"},"content":{"rendered":"<p>Medium wei\u00dfer Photoflex Durchlichtschirme &#8211; 70cm Durchmesser.<\/p>\n<p>Die White Durchlichtschirme k\u00f6nnen zum einen nat\u00fcrlich in ihrer Hauptfunktion als Durchlichtschirm verwendet werden, eine leicht reflektierende Beschichtung auf der Innenseite erlaubt es jedoch auch, sie behelfsm\u00e4\u00dfig als Reflexschirm einzusetzen.<\/p>\n<p>&nbsp;<\/p>\n<p>&nbsp;<\/p>\n<p>&nbsp;<\/p>\n","protected":false},"excerpt":{"rendered":"<p>Medium wei\u00dfer Photoflex Durchlichtschirme &#8211; 70cm Durchmesser. Die White Durchlichtschirme k\u00f6nnen zum einen nat\u00fcrlich in ihrer Hauptfunktion als Durchlichtschirm verwendet werden, eine leicht reflektierende Beschichtung auf der Innenseite erlaubt es jedoch auch, sie behelfsm\u00e4\u00dfig als Reflexschirm einzusetzen. &nbsp; &nbsp; &nbsp;<\/p>\n","protected":false},"featured_media":12663,"template":"","meta":[],"product_cat":[136],"product_tag":[],"class_list":{"0":"post-3644","1":"product","2":"type-product","3":"status-publish","4":"has-post-thumbnail","6":"product_cat-schirme","8":"first","9":"instock","10":"shipping-taxable","11":"purchasable","12":"product-type-simple"},"_links":{"self":[{"href":"https:\/\/palmaequipmentrental.com\/de\/wp-json\/wp\/v2\/product\/3644","targetHints":{"allow":["GET"]}}],"collection":[{"href":"https:\/\/palmaequipmentrental.com\/de\/wp-json\/wp\/v2\/product"}],"about":[{"href":"https:\/\/palmaequipmentrental.com\/de\/wp-json\/wp\/v2\/types\/product"}],"wp:featuredmedia":[{"embeddable":true,"href":"https:\/\/palmaequipmentrental.com\/de\/wp-json\/wp\/v2\/media\/12663"}],"wp:attachment":[{"href":"https:\/\/palmaequipmentrental.com\/de\/wp-json\/wp\/v2\/media?parent=3644"}],"wp:term":[{"taxonomy":"product_cat","embeddable":true,"href":"https:\/\/palmaequipmentrental.com\/de\/wp-json\/wp\/v2\/product_cat?post=3644"},{"taxonomy":"product_tag","embeddable":true,"href":"https:\/\/palmaequipmentrental.com\/de\/wp-json\/wp\/v2\/product_tag?post=3644"}],"curies":[{"name":"wp","href":"https:\/\/api.w.org\/{rel}","templated":true}]}}