{"id":3646,"date":"2012-03-26T15:17:25","date_gmt":"2012-03-26T15:17:25","guid":{"rendered":"http:\/\/www.palmaequipmentrental.com\/product\/photoflex-blackwhite-30-umbrell-452012-03-26-15-24-36-2\/"},"modified":"2023-02-21T12:23:23","modified_gmt":"2023-02-21T12:23:23","slug":"photoflex-blackwhite-30-umbrell-452012-03-26-15-24-36","status":"publish","type":"product","link":"https:\/\/palmaequipmentrental.com\/de\/photo-video-equipment-mallorca\/photoflex-blackwhite-30-umbrell-452012-03-26-15-24-36\/","title":{"rendered":"Photoflex Schirme 30\u201d Silber"},"content":{"rendered":"<p><strong>Photoflex Small Silver Regenschirm 30&#8243;<\/strong><\/p>\n<p>Silberne Innenseite f\u00fcr maximale Lichtreflexion.<br \/>\nVier bewegliche Rippen machen diesen Schirm einstellbar, um die Form des Schirms zu ver\u00e4ndern.<\/p>\n<ul>\n<li>Einstellbare Formen: Kreisf\u00f6rmig, quadratisch, l\u00e4nglich<\/li>\n<li>Bogenl\u00e4nge 35\u2033 (88,9cm)<\/li>\n<li>Breite von Spitze zu Spitze 30\u2033 (76,2cm)<\/li>\n<li>Schaftl\u00e4nge 19.25&#8243; (48.90cm)<\/li>\n<li>Gefaltete L\u00e4nge: 20\u2033 (50.8cm)<\/li>\n<li>Durchmesser des Schafts: 8mm<\/li>\n<\/ul>\n","protected":false},"excerpt":{"rendered":"<p>Photoflex Small Silver Regenschirm 30&#8243; Silberne Innenseite f\u00fcr maximale Lichtreflexion. Vier bewegliche Rippen machen diesen Schirm einstellbar, um die Form des Schirms zu ver\u00e4ndern. Einstellbare Formen: Kreisf\u00f6rmig, quadratisch, l\u00e4nglich Bogenl\u00e4nge 35\u2033 (88,9cm) Breite von Spitze zu Spitze 30\u2033 (76,2cm) Schaftl\u00e4nge 19.25&#8243; (48.90cm) Gefaltete L\u00e4nge: 20\u2033 (50.8cm) Durchmesser des Schafts: 8mm<\/p>\n","protected":false},"featured_media":12668,"template":"","meta":[],"product_cat":[136],"product_tag":[],"class_list":{"0":"post-3646","1":"product","2":"type-product","3":"status-publish","4":"has-post-thumbnail","6":"product_cat-schirme","8":"first","9":"instock","10":"shipping-taxable","11":"purchasable","12":"product-type-simple"},"_links":{"self":[{"href":"https:\/\/palmaequipmentrental.com\/de\/wp-json\/wp\/v2\/product\/3646","targetHints":{"allow":["GET"]}}],"collection":[{"href":"https:\/\/palmaequipmentrental.com\/de\/wp-json\/wp\/v2\/product"}],"about":[{"href":"https:\/\/palmaequipmentrental.com\/de\/wp-json\/wp\/v2\/types\/product"}],"wp:featuredmedia":[{"embeddable":true,"href":"https:\/\/palmaequipmentrental.com\/de\/wp-json\/wp\/v2\/media\/12668"}],"wp:attachment":[{"href":"https:\/\/palmaequipmentrental.com\/de\/wp-json\/wp\/v2\/media?parent=3646"}],"wp:term":[{"taxonomy":"product_cat","embeddable":true,"href":"https:\/\/palmaequipmentrental.com\/de\/wp-json\/wp\/v2\/product_cat?post=3646"},{"taxonomy":"product_tag","embeddable":true,"href":"https:\/\/palmaequipmentrental.com\/de\/wp-json\/wp\/v2\/product_tag?post=3646"}],"curies":[{"name":"wp","href":"https:\/\/api.w.org\/{rel}","templated":true}]}}