{"id":3648,"date":"2012-03-26T15:17:25","date_gmt":"2012-03-26T15:17:25","guid":{"rendered":"http:\/\/www.palmaequipmentrental.com\/product\/photoflex-blackwhite-30-umbrell-452012-03-26-15-24-36-47-2\/"},"modified":"2023-02-21T12:33:02","modified_gmt":"2023-02-21T12:33:02","slug":"photoflex-blackwhite-30-umbrell-452012-03-26-15-24-36-47","status":"publish","type":"product","link":"https:\/\/palmaequipmentrental.com\/de\/photo-video-equipment-mallorca\/photoflex-blackwhite-30-umbrell-452012-03-26-15-24-36-47\/","title":{"rendered":"Photoflex Schirme 45\u201d Silber"},"content":{"rendered":"<p><strong>Photoflex Medium Silber Regenschirm 45&#8243; 110cm<\/strong><\/p>\n<p>Silberne Innenseite f\u00fcr maximale Lichtreflexion.<br \/>\nVier bewegliche Rippen machen diesen Schirm verstellbar, um die Form des Schirms zu ver\u00e4ndern.<\/p>\n<ul>\n<li>Einstellbare Formen: Kreisf\u00f6rmig, quadratisch, l\u00e4nglich<\/li>\n<li>Bogenl\u00e4nge 49\u2033 (124.46cm)<\/li>\n<li>Breite von Spitze zu Spitze 43\u2033 (109.22cm)<\/li>\n<li>Schaftl\u00e4nge 27,25\u2033 (69,22cm)<\/li>\n<li>Gefaltete L\u00e4nge: 28\u2033 (71.12cm)<\/li>\n<li>Durchmesser des Schafts: 8mm<\/li>\n<\/ul>\n","protected":false},"excerpt":{"rendered":"<p>Photoflex Medium Silber Regenschirm 45&#8243; 110cm Silberne Innenseite f\u00fcr maximale Lichtreflexion. Vier bewegliche Rippen machen diesen Schirm verstellbar, um die Form des Schirms zu ver\u00e4ndern. Einstellbare Formen: Kreisf\u00f6rmig, quadratisch, l\u00e4nglich Bogenl\u00e4nge 49\u2033 (124.46cm) Breite von Spitze zu Spitze 43\u2033 (109.22cm) Schaftl\u00e4nge 27,25\u2033 (69,22cm) Gefaltete L\u00e4nge: 28\u2033 (71.12cm) Durchmesser des Schafts: 8mm<\/p>\n","protected":false},"featured_media":12675,"template":"","meta":[],"product_cat":[136],"product_tag":[],"class_list":{"0":"post-3648","1":"product","2":"type-product","3":"status-publish","4":"has-post-thumbnail","6":"product_cat-schirme","8":"first","9":"instock","10":"shipping-taxable","11":"purchasable","12":"product-type-simple"},"_links":{"self":[{"href":"https:\/\/palmaequipmentrental.com\/de\/wp-json\/wp\/v2\/product\/3648","targetHints":{"allow":["GET"]}}],"collection":[{"href":"https:\/\/palmaequipmentrental.com\/de\/wp-json\/wp\/v2\/product"}],"about":[{"href":"https:\/\/palmaequipmentrental.com\/de\/wp-json\/wp\/v2\/types\/product"}],"wp:featuredmedia":[{"embeddable":true,"href":"https:\/\/palmaequipmentrental.com\/de\/wp-json\/wp\/v2\/media\/12675"}],"wp:attachment":[{"href":"https:\/\/palmaequipmentrental.com\/de\/wp-json\/wp\/v2\/media?parent=3648"}],"wp:term":[{"taxonomy":"product_cat","embeddable":true,"href":"https:\/\/palmaequipmentrental.com\/de\/wp-json\/wp\/v2\/product_cat?post=3648"},{"taxonomy":"product_tag","embeddable":true,"href":"https:\/\/palmaequipmentrental.com\/de\/wp-json\/wp\/v2\/product_tag?post=3648"}],"curies":[{"name":"wp","href":"https:\/\/api.w.org\/{rel}","templated":true}]}}