{"id":3650,"date":"2012-03-26T15:17:25","date_gmt":"2012-03-26T15:17:25","guid":{"rendered":"http:\/\/www.palmaequipmentrental.com\/product\/photoflex-blackwhite-30-umbrell-45-46-2\/"},"modified":"2023-02-21T11:12:46","modified_gmt":"2023-02-21T11:12:46","slug":"photoflex-blackwhite-30-umbrell-45-46","status":"publish","type":"product","link":"https:\/\/palmaequipmentrental.com\/de\/photo-video-equipment-mallorca\/photoflex-blackwhite-30-umbrell-45-46\/","title":{"rendered":"Photoflex Schirme 60\u201d Weiss"},"content":{"rendered":"<p><strong>Photoflex Wei\u00dfer Regenschirm 60 Large (144,78cm)<\/strong><\/p>\n<p>Verwandelt einen Bounce-Schirm, der Kontrast erzeugt, in einen &#8222;Shoot-Through&#8220;-Schirm, der weiches Licht erzeugt.<br \/>\nParabolisch geformter Reflektor, der eine gro\u00dfe kreisf\u00f6rmige Lichtquelle bietet, um ein kreisf\u00f6rmiges Catchlight in den Augen zu erzeugen.<\/p>\n<ul>\n<li>Bogenl\u00e4nge 69\u2033 (175,26cm)<\/li>\n<li>Breite von Spitze zu Spitze 57\u2033 (144.78cm)<\/li>\n<li>Schaftl\u00e4nge 36,5&#8243; (92,71 cm)<\/li>\n<li>Zusammengeklappte L\u00e4nge: 37.25\u2033 (94.62cm)<\/li>\n<li>Durchmesser des Schafts: 8mm<\/li>\n<\/ul>\n","protected":false},"excerpt":{"rendered":"<p>Photoflex Wei\u00dfer Regenschirm 60 Large (144,78cm) Verwandelt einen Bounce-Schirm, der Kontrast erzeugt, in einen &#8222;Shoot-Through&#8220;-Schirm, der weiches Licht erzeugt. Parabolisch geformter Reflektor, der eine gro\u00dfe kreisf\u00f6rmige Lichtquelle bietet, um ein kreisf\u00f6rmiges Catchlight in den Augen zu erzeugen. Bogenl\u00e4nge 69\u2033 (175,26cm) Breite von Spitze zu Spitze 57\u2033 (144.78cm) Schaftl\u00e4nge 36,5&#8243; (92,71 cm) Zusammengeklappte L\u00e4nge: 37.25\u2033 (94.62cm) Durchmesser des Schafts: 8mm<\/p>\n","protected":false},"featured_media":12655,"template":"","meta":[],"product_cat":[136],"product_tag":[],"class_list":{"0":"post-3650","1":"product","2":"type-product","3":"status-publish","4":"has-post-thumbnail","6":"product_cat-schirme","8":"first","9":"instock","10":"shipping-taxable","11":"purchasable","12":"product-type-simple"},"_links":{"self":[{"href":"https:\/\/palmaequipmentrental.com\/de\/wp-json\/wp\/v2\/product\/3650","targetHints":{"allow":["GET"]}}],"collection":[{"href":"https:\/\/palmaequipmentrental.com\/de\/wp-json\/wp\/v2\/product"}],"about":[{"href":"https:\/\/palmaequipmentrental.com\/de\/wp-json\/wp\/v2\/types\/product"}],"wp:featuredmedia":[{"embeddable":true,"href":"https:\/\/palmaequipmentrental.com\/de\/wp-json\/wp\/v2\/media\/12655"}],"wp:attachment":[{"href":"https:\/\/palmaequipmentrental.com\/de\/wp-json\/wp\/v2\/media?parent=3650"}],"wp:term":[{"taxonomy":"product_cat","embeddable":true,"href":"https:\/\/palmaequipmentrental.com\/de\/wp-json\/wp\/v2\/product_cat?post=3650"},{"taxonomy":"product_tag","embeddable":true,"href":"https:\/\/palmaequipmentrental.com\/de\/wp-json\/wp\/v2\/product_tag?post=3650"}],"curies":[{"name":"wp","href":"https:\/\/api.w.org\/{rel}","templated":true}]}}