{"id":3654,"date":"2012-03-26T15:17:25","date_gmt":"2012-03-26T15:17:25","guid":{"rendered":"http:\/\/www.palmaequipmentrental.com\/product\/umbrella-xl-silver-2\/"},"modified":"2024-01-26T13:43:30","modified_gmt":"2024-01-26T13:43:30","slug":"profoto-blitzschirme-deep-xl-silber","status":"publish","type":"product","link":"https:\/\/palmaequipmentrental.com\/de\/photo-video-equipment-mallorca\/profoto-blitzschirme-deep-xl-silber\/","title":{"rendered":"Profoto Blitzschirme Deep XL Silber"},"content":{"rendered":"<ul>\n<li>Entdecken Sie den Profoto Umbrella Deep XL Silver bei Palma Equipment Rental, Ihrem Ziel f\u00fcr erstklassige fotografische Ausr\u00fcstung in Palma de Mallorca und dar\u00fcber hinaus. Dieser Premium-Regenschirm, mit einer gro\u00dfz\u00fcgigen XL-Gr\u00f6\u00dfe und einem Durchmesser von 65&#8243;\/160 cm, ist unverzichtbar f\u00fcr Profis, die ihre Beleuchtungsaufbauten f\u00fcr Mode- und Werbeshootings optimieren m\u00f6chten. Sein tiefes und gro\u00dfz\u00fcgiges Design sorgt f\u00fcr bemerkenswert weiches und fokussiertes Licht, perfekt f\u00fcr Foto- und Videoanwendungen.\n<p><strong>Technische Details:<\/strong><\/p>\n<ul>\n<li>XL mit einem Durchmesser von 65&#8243;\/160 cm, bietet umfangreiche Lichtabdeckung.<\/li>\n<li>Silbernes Inneres f\u00fcr verbesserte Lichtreflexion und -diffusion.<\/li>\n<li>Tiefe Form: Verbessert die Kontrolle und den Fokus des Lichts.<\/li>\n<li>Gew\u00e4hrleistet Haltbarkeit und konsistente Leistung.<\/li>\n<li>Funktioniert nahtlos mit einer Reihe von Blitzk\u00f6pfen, einschlie\u00dflich Profoto-Modellen.<\/li>\n<\/ul>\n<p>Erh\u00f6hen Sie die Qualit\u00e4t Ihrer Produktion mit Palma Equipment Rental. Wir sind nicht nur ein Vermietungsservice; wir sind Ihr kreativer Partner auf den Balearen und dem spanischen Festland. Mit unserem umfangreichen Inventar an professioneller Ausr\u00fcstung, einschlie\u00dflich des Profoto Umbrella Deep XL Silver, und unserem Engagement f\u00fcr flexiblen, effizienten Service stehen wir rund um die Uhr bereit, Ihre Vision zu unterst\u00fctzen. Tauchen Sie ein in die Welt hochwertiger Ausr\u00fcstung und herausragender Unterst\u00fctzung mit Palma Equipment Rental, wo Ihre kreative Vision zum Leben erweckt wird.<\/li>\n<\/ul>\n","protected":false},"excerpt":{"rendered":"<p>Entdecken Sie den Profoto Umbrella Deep XL Silver bei Palma Equipment Rental, Ihrem Ziel f\u00fcr erstklassige fotografische Ausr\u00fcstung in Palma de Mallorca und dar\u00fcber hinaus. Dieser Premium-Regenschirm, mit einer gro\u00dfz\u00fcgigen XL-Gr\u00f6\u00dfe und einem Durchmesser von 65&#8243;\/160 cm, ist unverzichtbar f\u00fcr Profis, die ihre Beleuchtungsaufbauten f\u00fcr Mode- und Werbeshootings optimieren m\u00f6chten. Sein tiefes und gro\u00dfz\u00fcgiges Design sorgt f\u00fcr bemerkenswert weiches und [&hellip;]<\/p>\n","protected":false},"featured_media":12694,"template":"","meta":[],"product_cat":[136],"product_tag":[],"class_list":{"0":"post-3654","1":"product","2":"type-product","3":"status-publish","4":"has-post-thumbnail","6":"product_cat-schirme","8":"first","9":"instock","10":"shipping-taxable","11":"purchasable","12":"product-type-simple"},"_links":{"self":[{"href":"https:\/\/palmaequipmentrental.com\/de\/wp-json\/wp\/v2\/product\/3654","targetHints":{"allow":["GET"]}}],"collection":[{"href":"https:\/\/palmaequipmentrental.com\/de\/wp-json\/wp\/v2\/product"}],"about":[{"href":"https:\/\/palmaequipmentrental.com\/de\/wp-json\/wp\/v2\/types\/product"}],"wp:featuredmedia":[{"embeddable":true,"href":"https:\/\/palmaequipmentrental.com\/de\/wp-json\/wp\/v2\/media\/12694"}],"wp:attachment":[{"href":"https:\/\/palmaequipmentrental.com\/de\/wp-json\/wp\/v2\/media?parent=3654"}],"wp:term":[{"taxonomy":"product_cat","embeddable":true,"href":"https:\/\/palmaequipmentrental.com\/de\/wp-json\/wp\/v2\/product_cat?post=3654"},{"taxonomy":"product_tag","embeddable":true,"href":"https:\/\/palmaequipmentrental.com\/de\/wp-json\/wp\/v2\/product_tag?post=3654"}],"curies":[{"name":"wp","href":"https:\/\/api.w.org\/{rel}","templated":true}]}}