{"id":3656,"date":"2012-03-26T15:17:25","date_gmt":"2012-03-26T15:17:25","guid":{"rendered":"http:\/\/www.palmaequipmentrental.com\/product\/photoflex-blackwhite-30-umbrell-2\/"},"modified":"2023-02-21T11:02:55","modified_gmt":"2023-02-21T11:02:55","slug":"photoflex-blackwhite-30-umbrell","status":"publish","type":"product","link":"https:\/\/palmaequipmentrental.com\/de\/photo-video-equipment-mallorca\/photoflex-blackwhite-30-umbrell\/","title":{"rendered":"Photoflex Schirme 30\u201d Weiss"},"content":{"rendered":"<p><strong>Photoflex Wei\u00dfer Regenschirm Small 30&#8243; (76,2cm)<\/strong><\/p>\n<p>L\u00e4sst sich von einem Bounce-Schirm, der Kontraste erzeugt, in einen &#8222;Shoot-Through&#8220;-Schirm umwandeln, der weiches Licht erzeugt.<br \/>\nParabolisch geformter Reflektor, der eine gro\u00dfe kreisf\u00f6rmige Lichtquelle bietet, um ein kreisf\u00f6rmiges Catchlight in den Augen zu erzeugen.<\/p>\n<ul>\n<li>Bogen 35\u2033 (88,9cm)<\/li>\n<li>Breite von Spitze zu Spitze 30\u2033 (76,2cm)<\/li>\n<li>Schaftl\u00e4nge 19,25&#8243; (48,90cm)<\/li>\n<li>Zusammengeklappte L\u00e4nge: 20\u2033 (50.8cm)<\/li>\n<li>Durchmesser des Schafts: 8mm<\/li>\n<\/ul>\n","protected":false},"excerpt":{"rendered":"<p>Photoflex Wei\u00dfer Regenschirm Small 30&#8243; (76,2cm) L\u00e4sst sich von einem Bounce-Schirm, der Kontraste erzeugt, in einen &#8222;Shoot-Through&#8220;-Schirm umwandeln, der weiches Licht erzeugt. Parabolisch geformter Reflektor, der eine gro\u00dfe kreisf\u00f6rmige Lichtquelle bietet, um ein kreisf\u00f6rmiges Catchlight in den Augen zu erzeugen. Bogen 35\u2033 (88,9cm) Breite von Spitze zu Spitze 30\u2033 (76,2cm) Schaftl\u00e4nge 19,25&#8243; (48,90cm) Zusammengeklappte L\u00e4nge: 20\u2033 (50.8cm) Durchmesser des Schafts: [&hellip;]<\/p>\n","protected":false},"featured_media":12651,"template":"","meta":[],"product_cat":[136],"product_tag":[],"class_list":{"0":"post-3656","1":"product","2":"type-product","3":"status-publish","4":"has-post-thumbnail","6":"product_cat-schirme","8":"first","9":"instock","10":"shipping-taxable","11":"purchasable","12":"product-type-simple"},"_links":{"self":[{"href":"https:\/\/palmaequipmentrental.com\/de\/wp-json\/wp\/v2\/product\/3656","targetHints":{"allow":["GET"]}}],"collection":[{"href":"https:\/\/palmaequipmentrental.com\/de\/wp-json\/wp\/v2\/product"}],"about":[{"href":"https:\/\/palmaequipmentrental.com\/de\/wp-json\/wp\/v2\/types\/product"}],"wp:featuredmedia":[{"embeddable":true,"href":"https:\/\/palmaequipmentrental.com\/de\/wp-json\/wp\/v2\/media\/12651"}],"wp:attachment":[{"href":"https:\/\/palmaequipmentrental.com\/de\/wp-json\/wp\/v2\/media?parent=3656"}],"wp:term":[{"taxonomy":"product_cat","embeddable":true,"href":"https:\/\/palmaequipmentrental.com\/de\/wp-json\/wp\/v2\/product_cat?post=3656"},{"taxonomy":"product_tag","embeddable":true,"href":"https:\/\/palmaequipmentrental.com\/de\/wp-json\/wp\/v2\/product_tag?post=3656"}],"curies":[{"name":"wp","href":"https:\/\/api.w.org\/{rel}","templated":true}]}}