{"id":3660,"date":"2012-03-26T15:08:42","date_gmt":"2012-03-26T15:08:42","guid":{"rendered":"http:\/\/www.palmaequipmentrental.com\/product\/5ft-octa-softbox-2\/"},"modified":"2023-05-17T08:56:02","modified_gmt":"2023-05-17T08:56:02","slug":"5ft-octa-softbox","status":"publish","type":"product","link":"https:\/\/palmaequipmentrental.com\/de\/photo-video-equipment-mallorca\/5ft-octa-softbox\/","title":{"rendered":"Profoto Softbox 5&#8242; Octa (150cm)"},"content":{"rendered":"<p style=\"line-height: 11.25pt;\"><span lang=\"de\" tabindex=\"0\">150 x 47 cm Octalight inklusive Speedring, innerem und \u00e4u\u00dferem Diffusor.<\/span><\/p>\n<p>Die achteckigen Softboxen sind in der Mode-, Beauty- oder Portr\u00e4tfotografie weit verbreitet. Dies liegt vor allem daran, dass ihre einzigartige Form einen wundersch\u00f6nen, nat\u00fcrlichen Lichtreflex im Auge des Modells erzeugt.<\/p>\n<p>&nbsp;<\/p>\n","protected":false},"excerpt":{"rendered":"<p>150 x 47 cm Octalight inklusive Speedring, innerem und \u00e4u\u00dferem Diffusor. Die achteckigen Softboxen sind in der Mode-, Beauty- oder Portr\u00e4tfotografie weit verbreitet. Dies liegt vor allem daran, dass ihre einzigartige Form einen wundersch\u00f6nen, nat\u00fcrlichen Lichtreflex im Auge des Modells erzeugt. &nbsp;<\/p>\n","protected":false},"featured_media":4884,"template":"","meta":[],"product_cat":[135],"product_tag":[],"class_list":{"0":"post-3660","1":"product","2":"type-product","3":"status-publish","4":"has-post-thumbnail","6":"product_cat-softboxen","8":"first","9":"instock","10":"shipping-taxable","11":"purchasable","12":"product-type-simple"},"_links":{"self":[{"href":"https:\/\/palmaequipmentrental.com\/de\/wp-json\/wp\/v2\/product\/3660","targetHints":{"allow":["GET"]}}],"collection":[{"href":"https:\/\/palmaequipmentrental.com\/de\/wp-json\/wp\/v2\/product"}],"about":[{"href":"https:\/\/palmaequipmentrental.com\/de\/wp-json\/wp\/v2\/types\/product"}],"wp:featuredmedia":[{"embeddable":true,"href":"https:\/\/palmaequipmentrental.com\/de\/wp-json\/wp\/v2\/media\/4884"}],"wp:attachment":[{"href":"https:\/\/palmaequipmentrental.com\/de\/wp-json\/wp\/v2\/media?parent=3660"}],"wp:term":[{"taxonomy":"product_cat","embeddable":true,"href":"https:\/\/palmaequipmentrental.com\/de\/wp-json\/wp\/v2\/product_cat?post=3660"},{"taxonomy":"product_tag","embeddable":true,"href":"https:\/\/palmaequipmentrental.com\/de\/wp-json\/wp\/v2\/product_tag?post=3660"}],"curies":[{"name":"wp","href":"https:\/\/api.w.org\/{rel}","templated":true}]}}