{"id":3662,"date":"2012-03-26T15:05:12","date_gmt":"2012-03-26T15:05:12","guid":{"rendered":"http:\/\/www.palmaequipmentrental.com\/product\/3ft-octa-softbox-2\/"},"modified":"2023-05-17T08:58:07","modified_gmt":"2023-05-17T08:58:07","slug":"3ft-octa-softbox","status":"publish","type":"product","link":"https:\/\/palmaequipmentrental.com\/de\/photo-video-equipment-mallorca\/3ft-octa-softbox\/","title":{"rendered":"Profoto Softbox 3&#8242; Octa (90cm)"},"content":{"rendered":"<p style=\"line-height: 11.25pt;\"><span lang=\"de\" tabindex=\"0\">90 x 47 cm Octalight inklusive Speedring, innerem und \u00e4u\u00dferem Diffusor.<\/span><\/p>\n<p>Die achteckigen Softboxen sind in der Mode-, Beauty- oder Portr\u00e4tfotografie weit verbreitet. Dies liegt vor allem daran, dass ihre einzigartige Form einen wundersch\u00f6nen, nat\u00fcrlichen Lichtreflex im Auge des Modells erzeugt.<\/p>\n<p><span style=\"color: #4a4849;\">\u00a0<\/span><\/p>\n<p><span style=\"color: #4a4849;\">\u00a0<\/span><\/p>\n","protected":false},"excerpt":{"rendered":"<p>90 x 47 cm Octalight inklusive Speedring, innerem und \u00e4u\u00dferem Diffusor. Die achteckigen Softboxen sind in der Mode-, Beauty- oder Portr\u00e4tfotografie weit verbreitet. Dies liegt vor allem daran, dass ihre einzigartige Form einen wundersch\u00f6nen, nat\u00fcrlichen Lichtreflex im Auge des Modells erzeugt. \u00a0 \u00a0<\/p>\n","protected":false},"featured_media":5750,"template":"","meta":[],"product_cat":[135],"product_tag":[],"class_list":{"0":"post-3662","1":"product","2":"type-product","3":"status-publish","4":"has-post-thumbnail","6":"product_cat-softboxen","8":"first","9":"instock","10":"shipping-taxable","11":"purchasable","12":"product-type-simple"},"_links":{"self":[{"href":"https:\/\/palmaequipmentrental.com\/de\/wp-json\/wp\/v2\/product\/3662","targetHints":{"allow":["GET"]}}],"collection":[{"href":"https:\/\/palmaequipmentrental.com\/de\/wp-json\/wp\/v2\/product"}],"about":[{"href":"https:\/\/palmaequipmentrental.com\/de\/wp-json\/wp\/v2\/types\/product"}],"wp:featuredmedia":[{"embeddable":true,"href":"https:\/\/palmaequipmentrental.com\/de\/wp-json\/wp\/v2\/media\/5750"}],"wp:attachment":[{"href":"https:\/\/palmaequipmentrental.com\/de\/wp-json\/wp\/v2\/media?parent=3662"}],"wp:term":[{"taxonomy":"product_cat","embeddable":true,"href":"https:\/\/palmaequipmentrental.com\/de\/wp-json\/wp\/v2\/product_cat?post=3662"},{"taxonomy":"product_tag","embeddable":true,"href":"https:\/\/palmaequipmentrental.com\/de\/wp-json\/wp\/v2\/product_tag?post=3662"}],"curies":[{"name":"wp","href":"https:\/\/api.w.org\/{rel}","templated":true}]}}