{"id":3664,"date":"2012-03-26T14:50:30","date_gmt":"2012-03-26T14:50:30","guid":{"rendered":"http:\/\/www.palmaequipmentrental.com\/product\/1x4-medium-strip-2\/"},"modified":"2022-08-05T11:46:05","modified_gmt":"2022-08-05T11:46:05","slug":"1x4-medium-strip","status":"publish","type":"product","link":"https:\/\/palmaequipmentrental.com\/de\/photo-video-equipment-mallorca\/1x4-medium-strip\/","title":{"rendered":"Softbox 1&#215;4&#8242; RFi"},"content":{"rendered":"<p>30 x 120 cm Medium Strip Softbox mit Speedring, innerer und \u00e4u\u00dferer Diffusor.<\/p>\n<p>Diese striplight Softbox ist ideal f\u00fcr viele Situationen, unter anderem f\u00fcr die gezielte Beleuchtung bei der Personenfotografie oder f\u00fcr das seitliche Ausf\u00fcllen bei Produktaufnahmen.<\/p>\n<p><span style=\"color: #4a4849;\">\u00a0<\/span><\/p>\n<div class=\"span-10 img-div-area\" style=\"margin: 0px 10px 0px 0px; padding: 0px 0px 10px; font-family: 'Helvetica Neue', Arial, Helvetica, sans-serif; vertical-align: baseline; width: 390px; min-height: 420px; float: left;\">\n<p><span style=\"color: #4a4849;\">\u00a0<\/span><\/p>\n<\/div>\n<p>&nbsp;<\/p>\n","protected":false},"excerpt":{"rendered":"<p>30 x 120 cm Medium Strip Softbox mit Speedring, innerer und \u00e4u\u00dferer Diffusor. Diese striplight Softbox ist ideal f\u00fcr viele Situationen, unter anderem f\u00fcr die gezielte Beleuchtung bei der Personenfotografie oder f\u00fcr das seitliche Ausf\u00fcllen bei Produktaufnahmen. \u00a0 \u00a0 &nbsp;<\/p>\n","protected":false},"featured_media":8729,"template":"","meta":[],"product_cat":[135],"product_tag":[],"class_list":{"0":"post-3664","1":"product","2":"type-product","3":"status-publish","4":"has-post-thumbnail","6":"product_cat-softboxen","8":"first","9":"instock","10":"shipping-taxable","11":"purchasable","12":"product-type-simple"},"_links":{"self":[{"href":"https:\/\/palmaequipmentrental.com\/de\/wp-json\/wp\/v2\/product\/3664","targetHints":{"allow":["GET"]}}],"collection":[{"href":"https:\/\/palmaequipmentrental.com\/de\/wp-json\/wp\/v2\/product"}],"about":[{"href":"https:\/\/palmaequipmentrental.com\/de\/wp-json\/wp\/v2\/types\/product"}],"wp:featuredmedia":[{"embeddable":true,"href":"https:\/\/palmaequipmentrental.com\/de\/wp-json\/wp\/v2\/media\/8729"}],"wp:attachment":[{"href":"https:\/\/palmaequipmentrental.com\/de\/wp-json\/wp\/v2\/media?parent=3664"}],"wp:term":[{"taxonomy":"product_cat","embeddable":true,"href":"https:\/\/palmaequipmentrental.com\/de\/wp-json\/wp\/v2\/product_cat?post=3664"},{"taxonomy":"product_tag","embeddable":true,"href":"https:\/\/palmaequipmentrental.com\/de\/wp-json\/wp\/v2\/product_tag?post=3664"}],"curies":[{"name":"wp","href":"https:\/\/api.w.org\/{rel}","templated":true}]}}