{"id":3666,"date":"2012-03-26T14:50:30","date_gmt":"2012-03-26T14:50:30","guid":{"rendered":"http:\/\/www.palmaequipmentrental.com\/product\/6x4-extra-large-softbox-2\/"},"modified":"2022-08-05T11:46:05","modified_gmt":"2022-08-05T11:46:05","slug":"6x4-extra-large-softbox","status":"publish","type":"product","link":"https:\/\/palmaequipmentrental.com\/de\/photo-video-equipment-mallorca\/6x4-extra-large-softbox\/","title":{"rendered":"Softbox 6&#215;4&#8242; RF"},"content":{"rendered":"<p>120 x 180 cm gro\u00dfe Softbox mit Speedring, innerer und \u00e4u\u00dferer Diffusor.<\/p>\n<p>Optimal f\u00fcr Gruppen- und Produktbilder.<\/p>\n","protected":false},"excerpt":{"rendered":"<p>120 x 180 cm gro\u00dfe Softbox mit Speedring, innerer und \u00e4u\u00dferer Diffusor. Optimal f\u00fcr Gruppen- und Produktbilder.<\/p>\n","protected":false},"featured_media":5747,"template":"","meta":[],"product_cat":[135],"product_tag":[],"class_list":{"0":"post-3666","1":"product","2":"type-product","3":"status-publish","4":"has-post-thumbnail","6":"product_cat-softboxen","8":"first","9":"instock","10":"shipping-taxable","11":"purchasable","12":"product-type-simple"},"_links":{"self":[{"href":"https:\/\/palmaequipmentrental.com\/de\/wp-json\/wp\/v2\/product\/3666","targetHints":{"allow":["GET"]}}],"collection":[{"href":"https:\/\/palmaequipmentrental.com\/de\/wp-json\/wp\/v2\/product"}],"about":[{"href":"https:\/\/palmaequipmentrental.com\/de\/wp-json\/wp\/v2\/types\/product"}],"wp:featuredmedia":[{"embeddable":true,"href":"https:\/\/palmaequipmentrental.com\/de\/wp-json\/wp\/v2\/media\/5747"}],"wp:attachment":[{"href":"https:\/\/palmaequipmentrental.com\/de\/wp-json\/wp\/v2\/media?parent=3666"}],"wp:term":[{"taxonomy":"product_cat","embeddable":true,"href":"https:\/\/palmaequipmentrental.com\/de\/wp-json\/wp\/v2\/product_cat?post=3666"},{"taxonomy":"product_tag","embeddable":true,"href":"https:\/\/palmaequipmentrental.com\/de\/wp-json\/wp\/v2\/product_tag?post=3666"}],"curies":[{"name":"wp","href":"https:\/\/api.w.org\/{rel}","templated":true}]}}