{"id":3668,"date":"2012-03-26T14:50:30","date_gmt":"2012-03-26T14:50:30","guid":{"rendered":"http:\/\/www.palmaequipmentrental.com\/product\/3x4-medium-softbox-2\/"},"modified":"2022-08-05T11:46:05","modified_gmt":"2022-08-05T11:46:05","slug":"3x4-medium-softbox","status":"publish","type":"product","link":"https:\/\/palmaequipmentrental.com\/de\/photo-video-equipment-mallorca\/3x4-medium-softbox\/","title":{"rendered":"Softbox 3&#215;4&#8242; RF"},"content":{"rendered":"<p>90 x 120 cm Medium Softbox mit Speedring, innerer und \u00e4u\u00dferer Diffusor.<\/p>\n<p>Sehr vielseitige Gr\u00f6\u00dfe, optimal f\u00fcr Portr\u00e4t-, Personen- und Produktbilder.<\/p>\n","protected":false},"excerpt":{"rendered":"<p>90 x 120 cm Medium Softbox mit Speedring, innerer und \u00e4u\u00dferer Diffusor. Sehr vielseitige Gr\u00f6\u00dfe, optimal f\u00fcr Portr\u00e4t-, Personen- und Produktbilder.<\/p>\n","protected":false},"featured_media":5751,"template":"","meta":[],"product_cat":[135],"product_tag":[],"class_list":{"0":"post-3668","1":"product","2":"type-product","3":"status-publish","4":"has-post-thumbnail","6":"product_cat-softboxen","8":"first","9":"instock","10":"shipping-taxable","11":"purchasable","12":"product-type-simple"},"_links":{"self":[{"href":"https:\/\/palmaequipmentrental.com\/de\/wp-json\/wp\/v2\/product\/3668","targetHints":{"allow":["GET"]}}],"collection":[{"href":"https:\/\/palmaequipmentrental.com\/de\/wp-json\/wp\/v2\/product"}],"about":[{"href":"https:\/\/palmaequipmentrental.com\/de\/wp-json\/wp\/v2\/types\/product"}],"wp:featuredmedia":[{"embeddable":true,"href":"https:\/\/palmaequipmentrental.com\/de\/wp-json\/wp\/v2\/media\/5751"}],"wp:attachment":[{"href":"https:\/\/palmaequipmentrental.com\/de\/wp-json\/wp\/v2\/media?parent=3668"}],"wp:term":[{"taxonomy":"product_cat","embeddable":true,"href":"https:\/\/palmaequipmentrental.com\/de\/wp-json\/wp\/v2\/product_cat?post=3668"},{"taxonomy":"product_tag","embeddable":true,"href":"https:\/\/palmaequipmentrental.com\/de\/wp-json\/wp\/v2\/product_tag?post=3668"}],"curies":[{"name":"wp","href":"https:\/\/api.w.org\/{rel}","templated":true}]}}