{"id":3670,"date":"2012-03-26T14:50:30","date_gmt":"2012-03-26T14:50:30","guid":{"rendered":"http:\/\/www.palmaequipmentrental.com\/product\/softbox-1x6-rf-2\/"},"modified":"2022-08-05T11:46:05","modified_gmt":"2022-08-05T11:46:05","slug":"softbox-1x6-rf","status":"publish","type":"product","link":"https:\/\/palmaequipmentrental.com\/de\/photo-video-equipment-mallorca\/softbox-1x6-rf\/","title":{"rendered":"Softbox 1&#215;6&#8242; RF"},"content":{"rendered":"<p>30 x 180 cm gro\u00dfe Strip-Softbox mit Speedring, innerer und \u00e4u\u00dferer Diffusor.<\/p>\n<p>Ideal f\u00fcr Mode-, People- und Produktfotografie.<\/p>\n","protected":false},"excerpt":{"rendered":"<p>30 x 180 cm gro\u00dfe Strip-Softbox mit Speedring, innerer und \u00e4u\u00dferer Diffusor. Ideal f\u00fcr Mode-, People- und Produktfotografie.<\/p>\n","protected":false},"featured_media":5741,"template":"","meta":[],"product_cat":[135],"product_tag":[],"class_list":{"0":"post-3670","1":"product","2":"type-product","3":"status-publish","4":"has-post-thumbnail","6":"product_cat-softboxen","8":"first","9":"instock","10":"shipping-taxable","11":"purchasable","12":"product-type-simple"},"_links":{"self":[{"href":"https:\/\/palmaequipmentrental.com\/de\/wp-json\/wp\/v2\/product\/3670","targetHints":{"allow":["GET"]}}],"collection":[{"href":"https:\/\/palmaequipmentrental.com\/de\/wp-json\/wp\/v2\/product"}],"about":[{"href":"https:\/\/palmaequipmentrental.com\/de\/wp-json\/wp\/v2\/types\/product"}],"wp:featuredmedia":[{"embeddable":true,"href":"https:\/\/palmaequipmentrental.com\/de\/wp-json\/wp\/v2\/media\/5741"}],"wp:attachment":[{"href":"https:\/\/palmaequipmentrental.com\/de\/wp-json\/wp\/v2\/media?parent=3670"}],"wp:term":[{"taxonomy":"product_cat","embeddable":true,"href":"https:\/\/palmaequipmentrental.com\/de\/wp-json\/wp\/v2\/product_cat?post=3670"},{"taxonomy":"product_tag","embeddable":true,"href":"https:\/\/palmaequipmentrental.com\/de\/wp-json\/wp\/v2\/product_tag?post=3670"}],"curies":[{"name":"wp","href":"https:\/\/api.w.org\/{rel}","templated":true}]}}