{"id":3672,"date":"2012-03-26T14:50:30","date_gmt":"2012-03-26T14:50:30","guid":{"rendered":"http:\/\/www.palmaequipmentrental.com\/product\/2x3-small-softbox-2\/"},"modified":"2022-08-05T11:46:06","modified_gmt":"2022-08-05T11:46:06","slug":"2x3-small-softbox","status":"publish","type":"product","link":"https:\/\/palmaequipmentrental.com\/de\/photo-video-equipment-mallorca\/2x3-small-softbox\/","title":{"rendered":"Softbox 2&#215;3&#8242; RF"},"content":{"rendered":"<p>60 x 90 cm Kleine Softbox mit Speedring, innerer und \u00e4u\u00dferer Diffusor.<\/p>\n<p>Allround-Softbox f\u00fcr viele Anwendungen im Studio und vor Ort.<\/p>\n","protected":false},"excerpt":{"rendered":"<p>60 x 90 cm Kleine Softbox mit Speedring, innerer und \u00e4u\u00dferer Diffusor. Allround-Softbox f\u00fcr viele Anwendungen im Studio und vor Ort.<\/p>\n","protected":false},"featured_media":5751,"template":"","meta":[],"product_cat":[135],"product_tag":[],"class_list":{"0":"post-3672","1":"product","2":"type-product","3":"status-publish","4":"has-post-thumbnail","6":"product_cat-softboxen","8":"first","9":"instock","10":"shipping-taxable","11":"purchasable","12":"product-type-simple"},"_links":{"self":[{"href":"https:\/\/palmaequipmentrental.com\/de\/wp-json\/wp\/v2\/product\/3672","targetHints":{"allow":["GET"]}}],"collection":[{"href":"https:\/\/palmaequipmentrental.com\/de\/wp-json\/wp\/v2\/product"}],"about":[{"href":"https:\/\/palmaequipmentrental.com\/de\/wp-json\/wp\/v2\/types\/product"}],"wp:featuredmedia":[{"embeddable":true,"href":"https:\/\/palmaequipmentrental.com\/de\/wp-json\/wp\/v2\/media\/5751"}],"wp:attachment":[{"href":"https:\/\/palmaequipmentrental.com\/de\/wp-json\/wp\/v2\/media?parent=3672"}],"wp:term":[{"taxonomy":"product_cat","embeddable":true,"href":"https:\/\/palmaequipmentrental.com\/de\/wp-json\/wp\/v2\/product_cat?post=3672"},{"taxonomy":"product_tag","embeddable":true,"href":"https:\/\/palmaequipmentrental.com\/de\/wp-json\/wp\/v2\/product_tag?post=3672"}],"curies":[{"name":"wp","href":"https:\/\/api.w.org\/{rel}","templated":true}]}}