{"id":3683,"date":"2012-03-26T14:38:42","date_gmt":"2012-03-26T14:38:42","guid":{"rendered":"http:\/\/www.palmaequipmentrental.com\/product\/pro-snoot-2\/"},"modified":"2022-08-05T11:46:07","modified_gmt":"2022-08-05T11:46:07","slug":"pro-snoot","status":"publish","type":"product","link":"https:\/\/palmaequipmentrental.com\/de\/photo-video-equipment-mallorca\/pro-snoot\/","title":{"rendered":"Pro Snoot"},"content":{"rendered":"<p>Zur Verwendung mit dem <strong>Standard-Zoom-Reflektor<\/strong> <strong>werden ein Gitter und ein Filterhalter ben\u00f6tigt.<\/strong><\/p>\n<p>Der Snoot ist ein Lichtmodifikator, der mit einem Zoom-Reflektor verwendet wird, um die Lichtverteilung drastisch zu reduzieren. Der Effekt ist ein klares und direktes Licht mit fast keinem Streulicht. Das Licht hat eine sch\u00f6ne, runde Form, die als Haarlicht oder f\u00fcr andere Anwendungen verwendet werden kann, bei denen nur ein kleiner Bereich beleuchtet werden muss.<\/p>\n<p>Verwenden Sie das Gitter und den Filterhalter, um den Snoot an Ihrem Zoom-Reflektor zu befestigen, und schon haben Sie einen leistungsstarken Spot zur Verf\u00fcgung. Viele Fotografen verwenden ihn, um auff\u00e4llige Highlights in ihren Portr\u00e4ts zu erzeugen oder f\u00fcr Produktfotos mit akribischen Details.<\/p>\n<p><strong>Eigenschaften<\/strong><\/p>\n<ul>\n<li>Verengt das Licht und erzeugt ein klares, direktes Licht.<\/li>\n<li>Erzeugt eine perfekte kreisf\u00f6rmige Lichtform.<\/li>\n<li>Kompakt und einfach zu bedienen.<\/li>\n<\/ul>\n","protected":false},"excerpt":{"rendered":"<p>Zur Verwendung mit dem Standard-Zoom-Reflektor werden ein Gitter und ein Filterhalter ben\u00f6tigt. Der Snoot ist ein Lichtmodifikator, der mit einem Zoom-Reflektor verwendet wird, um die Lichtverteilung drastisch zu reduzieren. Der Effekt ist ein klares und direktes Licht mit fast keinem Streulicht. Das Licht hat eine sch\u00f6ne, runde Form, die als Haarlicht oder f\u00fcr andere Anwendungen verwendet werden kann, bei denen [&hellip;]<\/p>\n","protected":false},"featured_media":9414,"template":"","meta":[],"product_cat":[784],"product_tag":[],"class_list":{"0":"post-3683","1":"product","2":"type-product","3":"status-publish","4":"has-post-thumbnail","6":"product_cat-pro-lightformer","8":"first","9":"instock","10":"shipping-taxable","11":"purchasable","12":"product-type-simple"},"_links":{"self":[{"href":"https:\/\/palmaequipmentrental.com\/de\/wp-json\/wp\/v2\/product\/3683","targetHints":{"allow":["GET"]}}],"collection":[{"href":"https:\/\/palmaequipmentrental.com\/de\/wp-json\/wp\/v2\/product"}],"about":[{"href":"https:\/\/palmaequipmentrental.com\/de\/wp-json\/wp\/v2\/types\/product"}],"wp:featuredmedia":[{"embeddable":true,"href":"https:\/\/palmaequipmentrental.com\/de\/wp-json\/wp\/v2\/media\/9414"}],"wp:attachment":[{"href":"https:\/\/palmaequipmentrental.com\/de\/wp-json\/wp\/v2\/media?parent=3683"}],"wp:term":[{"taxonomy":"product_cat","embeddable":true,"href":"https:\/\/palmaequipmentrental.com\/de\/wp-json\/wp\/v2\/product_cat?post=3683"},{"taxonomy":"product_tag","embeddable":true,"href":"https:\/\/palmaequipmentrental.com\/de\/wp-json\/wp\/v2\/product_tag?post=3683"}],"curies":[{"name":"wp","href":"https:\/\/api.w.org\/{rel}","templated":true}]}}