{"id":3685,"date":"2012-03-26T14:29:58","date_gmt":"2012-03-26T14:29:58","guid":{"rendered":"http:\/\/www.palmaequipmentrental.com\/product\/profoto-beauty-dish-white-2\/"},"modified":"2024-01-16T17:02:15","modified_gmt":"2024-01-16T17:02:15","slug":"profoto-beauty-dish-white","status":"publish","type":"product","link":"https:\/\/palmaequipmentrental.com\/de\/photo-video-equipment-mallorca\/profoto-beauty-dish-white\/","title":{"rendered":"Profoto Softlight Reflektor Weiss + Wabe"},"content":{"rendered":"<p>Unsere <strong>Pro Beauty Dish Weiss<\/strong> enth\u00e4lt eine 10\u00ba Wabe.<\/p>\n<p>Durchmesser\u00a052.50cm. \u00a0Lichtverteilung 65 Grad.<\/p>\n<p>Diese Lichtformer werden auch als \u201eBeauty Dish\u201c bezeichnet und sagen damit schon im Namen, f\u00fcr welchen Einsatzzweck sie entwickelt wurden. Sie erzeugen ein einzigartiges Licht, mit dem der Fotograf die Sch\u00f6nheit seines Motivs betonen kann. Das Licht ist weich und trotzdem so akzentuiert, dass es ganz nat\u00fcrlich aussieht. Damit ist der Softlight-Reflektor ideal geeignet, um Menschen zu fotografieren. Mit ihm entsteht ein makelloser, nat\u00fcrlicher Look mit leicht akzentuierten Schatten, der ideal f\u00fcr die Portr\u00e4t- und Modefotografie geeignet ist.<\/p>\n<p>In der wei\u00dfen Version liefert der Reflektor ein weicheres und noch gleichm\u00e4\u00dfigeres Licht als die silberne Variante, die mehr Kraft und einen st\u00e4rkeren Kontrast erzeugt. Sie k\u00f6nnen beide mit allen Profoto Lichtquellen nutzen.<\/p>\n<h3 class=\"tab__content-subtitle\">Eigenschaften<\/h3>\n<ul>\n<li>Erzeugt ein klassisches \u201eBeauty-Licht\u201c.<\/li>\n<li>Leuchtwinkel: 65\u00b0 in Position\u00a04 am ProHead.<\/li>\n<li>Lichtleistung in 2\u00a0m Entfernung bei 2.400\u00a0Ws und ISO100: f\/32.4 bei Zoomposition\u00a04 (am ProHead).<\/li>\n<li>Ausgelegt auf viele Jahre des t\u00e4glichen Gebrauchs.<\/li>\n<li>Kompatibel mit allen Profoto Lichtquellen.<\/li>\n<\/ul>\n<div class=\"span-10 img-div-area\" style=\"margin: 0px 10px 0px 0px; padding: 0px 0px 10px; font-family: 'Helvetica Neue', Arial, Helvetica, sans-serif; vertical-align: baseline; width: 390px; min-height: 420px; float: left;\">\n<p style=\"color: #000000; line-height: 18px;\"><span style=\"line-height: 15px; font-family: inherit; font-style: inherit; color: #4a4849;\">\u00a0<\/span><\/p>\n<\/div>\n","protected":false},"excerpt":{"rendered":"<p>Unsere Pro Beauty Dish Weiss enth\u00e4lt eine 10\u00ba Wabe. Durchmesser\u00a052.50cm. \u00a0Lichtverteilung 65 Grad. Diese Lichtformer werden auch als \u201eBeauty Dish\u201c bezeichnet und sagen damit schon im Namen, f\u00fcr welchen Einsatzzweck sie entwickelt wurden. Sie erzeugen ein einzigartiges Licht, mit dem der Fotograf die Sch\u00f6nheit seines Motivs betonen kann. Das Licht ist weich und trotzdem so akzentuiert, dass es ganz nat\u00fcrlich [&hellip;]<\/p>\n","protected":false},"featured_media":5752,"template":"","meta":[],"product_cat":[784],"product_tag":[],"class_list":{"0":"post-3685","1":"product","2":"type-product","3":"status-publish","4":"has-post-thumbnail","6":"product_cat-pro-lightformer","8":"first","9":"instock","10":"shipping-taxable","11":"purchasable","12":"product-type-simple"},"_links":{"self":[{"href":"https:\/\/palmaequipmentrental.com\/de\/wp-json\/wp\/v2\/product\/3685","targetHints":{"allow":["GET"]}}],"collection":[{"href":"https:\/\/palmaequipmentrental.com\/de\/wp-json\/wp\/v2\/product"}],"about":[{"href":"https:\/\/palmaequipmentrental.com\/de\/wp-json\/wp\/v2\/types\/product"}],"wp:featuredmedia":[{"embeddable":true,"href":"https:\/\/palmaequipmentrental.com\/de\/wp-json\/wp\/v2\/media\/5752"}],"wp:attachment":[{"href":"https:\/\/palmaequipmentrental.com\/de\/wp-json\/wp\/v2\/media?parent=3685"}],"wp:term":[{"taxonomy":"product_cat","embeddable":true,"href":"https:\/\/palmaequipmentrental.com\/de\/wp-json\/wp\/v2\/product_cat?post=3685"},{"taxonomy":"product_tag","embeddable":true,"href":"https:\/\/palmaequipmentrental.com\/de\/wp-json\/wp\/v2\/product_tag?post=3685"}],"curies":[{"name":"wp","href":"https:\/\/api.w.org\/{rel}","templated":true}]}}