{"id":3687,"date":"2012-03-26T14:29:58","date_gmt":"2012-03-26T14:29:58","guid":{"rendered":"http:\/\/www.palmaequipmentrental.com\/product\/profoto-beauty-dish-2\/"},"modified":"2024-01-16T16:59:56","modified_gmt":"2024-01-16T16:59:56","slug":"profoto-beauty-dish","status":"publish","type":"product","link":"https:\/\/palmaequipmentrental.com\/de\/photo-video-equipment-mallorca\/profoto-beauty-dish\/","title":{"rendered":"Profoto Softlight Reflektor silber + Wabe"},"content":{"rendered":"<p>Unsere Pro Beauty Dish Silber enth\u00e4lt eine 10\u00ba Wabe.<\/p>\n<p>Durchmesser\u00a052.50cm. \u00a0Lichtverteilung 65 Grad.<\/p>\n<p>Oft als \u201cBeauty Dish\u201d bezeichnet, gibt ein gerichtetes Licht, aufgrund seiner gro\u00dfen Reflexionsfl\u00e4che jedoch mit guter Schattendurchzeichnung. Ideal f\u00fcr schmeichelnde Portraits. Eine markante Alternative zu den Softboxen.<\/p>\n<p>Der silberne Softlight Reflektor gibt ein fokussiertes Licht mit einem, dank seiner gro\u00dfen Reflexionsfl\u00e4che, sanften Schatten. Besonders geeignet f\u00fcr gl\u00e4nzende Oberfl\u00e4chen oder Strukturen, die herausgearbeitet werden m\u00fcssen. Nat\u00fcrlich wird der silberne Beauty-Dish auch von renommierten Beauty-und Modefotografen genutzt, die ein besonders knackiges, sonniges Licht brauchen.<\/p>\n<ul>\n<li>Leuchtwinkel: 26\u00b0 at position 4.<\/li>\n<li>Lichtleistung in 2m Entfernung bei 2,400 Ws @ ISO 100: f\/64.1 bei Position 4.<\/li>\n<li>F\u00fcr anspruchsvolles Arbeiten konzipiert.<\/li>\n<\/ul>\n","protected":false},"excerpt":{"rendered":"<p>Unsere Pro Beauty Dish Silber enth\u00e4lt eine 10\u00ba Wabe. Durchmesser\u00a052.50cm. \u00a0Lichtverteilung 65 Grad. Oft als \u201cBeauty Dish\u201d bezeichnet, gibt ein gerichtetes Licht, aufgrund seiner gro\u00dfen Reflexionsfl\u00e4che jedoch mit guter Schattendurchzeichnung. Ideal f\u00fcr schmeichelnde Portraits. Eine markante Alternative zu den Softboxen. Der silberne Softlight Reflektor gibt ein fokussiertes Licht mit einem, dank seiner gro\u00dfen Reflexionsfl\u00e4che, sanften Schatten. Besonders geeignet f\u00fcr gl\u00e4nzende [&hellip;]<\/p>\n","protected":false},"featured_media":4878,"template":"","meta":[],"product_cat":[784],"product_tag":[],"class_list":{"0":"post-3687","1":"product","2":"type-product","3":"status-publish","4":"has-post-thumbnail","6":"product_cat-pro-lightformer","8":"first","9":"instock","10":"shipping-taxable","11":"purchasable","12":"product-type-simple"},"_links":{"self":[{"href":"https:\/\/palmaequipmentrental.com\/de\/wp-json\/wp\/v2\/product\/3687","targetHints":{"allow":["GET"]}}],"collection":[{"href":"https:\/\/palmaequipmentrental.com\/de\/wp-json\/wp\/v2\/product"}],"about":[{"href":"https:\/\/palmaequipmentrental.com\/de\/wp-json\/wp\/v2\/types\/product"}],"wp:featuredmedia":[{"embeddable":true,"href":"https:\/\/palmaequipmentrental.com\/de\/wp-json\/wp\/v2\/media\/4878"}],"wp:attachment":[{"href":"https:\/\/palmaequipmentrental.com\/de\/wp-json\/wp\/v2\/media?parent=3687"}],"wp:term":[{"taxonomy":"product_cat","embeddable":true,"href":"https:\/\/palmaequipmentrental.com\/de\/wp-json\/wp\/v2\/product_cat?post=3687"},{"taxonomy":"product_tag","embeddable":true,"href":"https:\/\/palmaequipmentrental.com\/de\/wp-json\/wp\/v2\/product_tag?post=3687"}],"curies":[{"name":"wp","href":"https:\/\/api.w.org\/{rel}","templated":true}]}}