{"id":3693,"date":"2012-03-26T14:29:58","date_gmt":"2012-03-26T14:29:58","guid":{"rendered":"http:\/\/www.palmaequipmentrental.com\/product\/proglobe-2\/"},"modified":"2022-08-05T11:46:09","modified_gmt":"2022-08-05T11:46:09","slug":"proglobe","status":"publish","type":"product","link":"https:\/\/palmaequipmentrental.com\/de\/photo-video-equipment-mallorca\/proglobe\/","title":{"rendered":"ProGlobe"},"content":{"rendered":"<p>Die ProGlobe &#8211; auch bekannt als &#8222;Chinese Lantern&#8220; &#8211; gift bin Umgebungslicht, \u00e4hnlich einem blo\u00dfen Gl\u00fchbirneneffekt oder, wenn es hoch oben montiert ist, wie eine Stra\u00dfenlaternenquelle.Es kann auch als Hintergrundbeleuchtung verwendet werden. \u00a0In Kombination mit einer Softbox wird die Lichtverteilung sehr weich.<\/p>\n","protected":false},"excerpt":{"rendered":"<p>Die ProGlobe &#8211; auch bekannt als &#8222;Chinese Lantern&#8220; &#8211; gift bin Umgebungslicht, \u00e4hnlich einem blo\u00dfen Gl\u00fchbirneneffekt oder, wenn es hoch oben montiert ist, wie eine Stra\u00dfenlaternenquelle.Es kann auch als Hintergrundbeleuchtung verwendet werden. \u00a0In Kombination mit einer Softbox wird die Lichtverteilung sehr weich.<\/p>\n","protected":false},"featured_media":5754,"template":"","meta":[],"product_cat":[784],"product_tag":[],"class_list":{"0":"post-3693","1":"product","2":"type-product","3":"status-publish","4":"has-post-thumbnail","6":"product_cat-pro-lightformer","8":"first","9":"instock","10":"shipping-taxable","11":"purchasable","12":"product-type-simple"},"_links":{"self":[{"href":"https:\/\/palmaequipmentrental.com\/de\/wp-json\/wp\/v2\/product\/3693","targetHints":{"allow":["GET"]}}],"collection":[{"href":"https:\/\/palmaequipmentrental.com\/de\/wp-json\/wp\/v2\/product"}],"about":[{"href":"https:\/\/palmaequipmentrental.com\/de\/wp-json\/wp\/v2\/types\/product"}],"wp:featuredmedia":[{"embeddable":true,"href":"https:\/\/palmaequipmentrental.com\/de\/wp-json\/wp\/v2\/media\/5754"}],"wp:attachment":[{"href":"https:\/\/palmaequipmentrental.com\/de\/wp-json\/wp\/v2\/media?parent=3693"}],"wp:term":[{"taxonomy":"product_cat","embeddable":true,"href":"https:\/\/palmaequipmentrental.com\/de\/wp-json\/wp\/v2\/product_cat?post=3693"},{"taxonomy":"product_tag","embeddable":true,"href":"https:\/\/palmaequipmentrental.com\/de\/wp-json\/wp\/v2\/product_tag?post=3693"}],"curies":[{"name":"wp","href":"https:\/\/api.w.org\/{rel}","templated":true}]}}