{"id":3705,"date":"2012-03-23T13:15:37","date_gmt":"2012-03-23T13:15:37","guid":{"rendered":"http:\/\/www.palmaequipmentrental.com\/product\/pro-head-to-pack-extension-2\/"},"modified":"2024-01-16T16:47:06","modified_gmt":"2024-01-16T16:47:06","slug":"pro-head-to-pack-extension","status":"publish","type":"product","link":"https:\/\/palmaequipmentrental.com\/de\/photo-video-equipment-mallorca\/pro-head-to-pack-extension\/","title":{"rendered":"Profoto Head to Pack Verl\u00e4ngerungskabel"},"content":{"rendered":"<p>Mit angeschlossenem Verl\u00e4ngerungskabel k\u00f6nnen Sie den ProHead bis zu 5 Meter vom Generator entfernt positionieren.<\/p>\n<p>Verliert 1\/3 &#8211; 1\/2 Stopps pro\u00a0verwendetem Verl\u00e4ngerungskabel.<\/p>\n","protected":false},"excerpt":{"rendered":"<p>Mit angeschlossenem Verl\u00e4ngerungskabel k\u00f6nnen Sie den ProHead bis zu 5 Meter vom Generator entfernt positionieren. Verliert 1\/3 &#8211; 1\/2 Stopps pro\u00a0verwendetem Verl\u00e4ngerungskabel.<\/p>\n","protected":false},"featured_media":5734,"template":"","meta":[],"product_cat":[118],"product_tag":[],"class_list":{"0":"post-3705","1":"product","2":"type-product","3":"status-publish","4":"has-post-thumbnail","6":"product_cat-blitzkopfe","8":"first","9":"instock","10":"shipping-taxable","11":"purchasable","12":"product-type-simple"},"_links":{"self":[{"href":"https:\/\/palmaequipmentrental.com\/de\/wp-json\/wp\/v2\/product\/3705","targetHints":{"allow":["GET"]}}],"collection":[{"href":"https:\/\/palmaequipmentrental.com\/de\/wp-json\/wp\/v2\/product"}],"about":[{"href":"https:\/\/palmaequipmentrental.com\/de\/wp-json\/wp\/v2\/types\/product"}],"wp:featuredmedia":[{"embeddable":true,"href":"https:\/\/palmaequipmentrental.com\/de\/wp-json\/wp\/v2\/media\/5734"}],"wp:attachment":[{"href":"https:\/\/palmaequipmentrental.com\/de\/wp-json\/wp\/v2\/media?parent=3705"}],"wp:term":[{"taxonomy":"product_cat","embeddable":true,"href":"https:\/\/palmaequipmentrental.com\/de\/wp-json\/wp\/v2\/product_cat?post=3705"},{"taxonomy":"product_tag","embeddable":true,"href":"https:\/\/palmaequipmentrental.com\/de\/wp-json\/wp\/v2\/product_tag?post=3705"}],"curies":[{"name":"wp","href":"https:\/\/api.w.org\/{rel}","templated":true}]}}