{"id":3708,"date":"2012-03-23T12:48:41","date_gmt":"2012-03-23T12:48:41","guid":{"rendered":"http:\/\/www.palmaequipmentrental.com\/product\/pro-b-universal-power-adapter-2\/"},"modified":"2022-08-05T11:46:12","modified_gmt":"2022-08-05T11:46:12","slug":"pro-b-universal-power-adapter","status":"publish","type":"product","link":"https:\/\/palmaequipmentrental.com\/de\/photo-video-equipment-mallorca\/pro-b-universal-power-adapter\/","title":{"rendered":"Profoto Pro-B Mainsdock"},"content":{"rendered":"<p>Das Pro-B MainsDock ist leicht, robust, zweckm\u00e4\u00dfig f\u00fcr den Einsatz auf Reisen, es passt sich automatisch unterschiedlichen Netzspannungen an.<\/p>\n<div class=\"page\" title=\"Page 6\">\n<div class=\"section\">\n<div class=\"layoutArea\">\n<div class=\"column\">\n<p>Das Pro-B MainsDock-Ger\u00e4t wird verwendet, um Akku-Blitzgeneratoren mit Netzstrom statt mit Akku zu betreiben. Der Einsatz des Generators wird nicht durch die Batteriekapazit\u00e4t begrenzt. Pro-B MainsDock erm\u00f6glicht auf diese Weise die Langzeitanwendung 1 und Dauereinstelllicht.<\/p>\n<\/div>\n<\/div>\n<\/div>\n<\/div>\n<ul>\n<li style=\"margin: 0px; padding: 0px; border: 0px; font-style: inherit; font-family: inherit; vertical-align: baseline; list-style: none;\">\n<p style=\"line-height: 15px;\">\n<\/li>\n<\/ul>\n<p>&nbsp;<\/p>\n<p><span style=\"font-family: Tahoma, sans-serif; color: #a6a6a6;\"><span style=\"line-height: 13px;\">\u00a0<\/span><\/span><\/p>\n<p>&nbsp;<\/p>\n<p><span style=\"font-family: 'Helvetica Neue', Arial, Helvetica, sans-serif; color: #4a4849;\">\u00a0<\/span><\/p>\n<p><span style=\"font-family: 'Helvetica Neue', Arial, Helvetica, sans-serif; color: #4a4849;\">\u00a0<\/span><\/p>\n","protected":false},"excerpt":{"rendered":"<p>Das Pro-B MainsDock ist leicht, robust, zweckm\u00e4\u00dfig f\u00fcr den Einsatz auf Reisen, es passt sich automatisch unterschiedlichen Netzspannungen an. Das Pro-B MainsDock-Ger\u00e4t wird verwendet, um Akku-Blitzgeneratoren mit Netzstrom statt mit Akku zu betreiben. Der Einsatz des Generators wird nicht durch die Batteriekapazit\u00e4t begrenzt. Pro-B MainsDock erm\u00f6glicht auf diese Weise die Langzeitanwendung 1 und Dauereinstelllicht. &nbsp; \u00a0 &nbsp; \u00a0 \u00a0<\/p>\n","protected":false},"featured_media":373,"template":"","meta":[],"product_cat":[124],"product_tag":[],"class_list":{"0":"post-3708","1":"product","2":"type-product","3":"status-publish","4":"has-post-thumbnail","6":"product_cat-flash-accesories-de","8":"first","9":"instock","10":"featured","11":"shipping-taxable","12":"purchasable","13":"product-type-simple"},"_links":{"self":[{"href":"https:\/\/palmaequipmentrental.com\/de\/wp-json\/wp\/v2\/product\/3708","targetHints":{"allow":["GET"]}}],"collection":[{"href":"https:\/\/palmaequipmentrental.com\/de\/wp-json\/wp\/v2\/product"}],"about":[{"href":"https:\/\/palmaequipmentrental.com\/de\/wp-json\/wp\/v2\/types\/product"}],"wp:featuredmedia":[{"embeddable":true,"href":"https:\/\/palmaequipmentrental.com\/de\/wp-json\/wp\/v2\/media\/373"}],"wp:attachment":[{"href":"https:\/\/palmaequipmentrental.com\/de\/wp-json\/wp\/v2\/media?parent=3708"}],"wp:term":[{"taxonomy":"product_cat","embeddable":true,"href":"https:\/\/palmaequipmentrental.com\/de\/wp-json\/wp\/v2\/product_cat?post=3708"},{"taxonomy":"product_tag","embeddable":true,"href":"https:\/\/palmaequipmentrental.com\/de\/wp-json\/wp\/v2\/product_tag?post=3708"}],"curies":[{"name":"wp","href":"https:\/\/api.w.org\/{rel}","templated":true}]}}