{"id":3711,"date":"2012-03-23T10:00:23","date_gmt":"2012-03-23T10:00:23","guid":{"rendered":"http:\/\/www.palmaequipmentrental.com\/product\/pro-ring2-2\/"},"modified":"2024-01-16T18:42:23","modified_gmt":"2024-01-16T18:42:23","slug":"pro-ring2","status":"publish","type":"product","link":"https:\/\/palmaequipmentrental.com\/de\/photo-video-equipment-mallorca\/pro-ring2\/","title":{"rendered":"Profoto ProRing2"},"content":{"rendered":"<p>Unser Profoto ProRing2 enth\u00e4lt einen Pro Ring Flash Reflector.<\/p>\n<p>Der ProRing2 hat ein 200W-Einstelllicht, ist l\u00fcftergek\u00fchlt und hat eine ozonfreie Hochleistungs-Quarz-Blitzr\u00f6hre.<\/p>\n<p>F\u00fcr Modeaufnahmen oder andere Gelegenheiten, bei denen Sie ein direktes und sehr markantes Licht w\u00fcnschen. Das Einstellicht verhindert den &#8222;Rote-Augen-Effekt&#8220; bei Verwendung in dunkler Umgebung.<\/p>\n<p>Hervorragende L\u00f6sung auch f\u00fcr Aufhellungslicht am Drehort.<\/p>\n<p>Dieses Ringlicht ist mit den Generatoren Pro-11, Pro-10, Pro-8, Pro-7, Pro-B3, Pro-B2 und D4 kompatibel.<\/p>\n<p><strong>\u00a0<\/strong><\/p>\n","protected":false},"excerpt":{"rendered":"<p>Unser Profoto ProRing2 enth\u00e4lt einen Pro Ring Flash Reflector. Der ProRing2 hat ein 200W-Einstelllicht, ist l\u00fcftergek\u00fchlt und hat eine ozonfreie Hochleistungs-Quarz-Blitzr\u00f6hre. F\u00fcr Modeaufnahmen oder andere Gelegenheiten, bei denen Sie ein direktes und sehr markantes Licht w\u00fcnschen. Das Einstellicht verhindert den &#8222;Rote-Augen-Effekt&#8220; bei Verwendung in dunkler Umgebung. Hervorragende L\u00f6sung auch f\u00fcr Aufhellungslicht am Drehort. Dieses Ringlicht ist mit den Generatoren Pro-11, [&hellip;]<\/p>\n","protected":false},"featured_media":11835,"template":"","meta":[],"product_cat":[118],"product_tag":[],"class_list":{"0":"post-3711","1":"product","2":"type-product","3":"status-publish","4":"has-post-thumbnail","6":"product_cat-blitzkopfe","8":"first","9":"instock","10":"shipping-taxable","11":"purchasable","12":"product-type-simple"},"_links":{"self":[{"href":"https:\/\/palmaequipmentrental.com\/de\/wp-json\/wp\/v2\/product\/3711","targetHints":{"allow":["GET"]}}],"collection":[{"href":"https:\/\/palmaequipmentrental.com\/de\/wp-json\/wp\/v2\/product"}],"about":[{"href":"https:\/\/palmaequipmentrental.com\/de\/wp-json\/wp\/v2\/types\/product"}],"wp:featuredmedia":[{"embeddable":true,"href":"https:\/\/palmaequipmentrental.com\/de\/wp-json\/wp\/v2\/media\/11835"}],"wp:attachment":[{"href":"https:\/\/palmaequipmentrental.com\/de\/wp-json\/wp\/v2\/media?parent=3711"}],"wp:term":[{"taxonomy":"product_cat","embeddable":true,"href":"https:\/\/palmaequipmentrental.com\/de\/wp-json\/wp\/v2\/product_cat?post=3711"},{"taxonomy":"product_tag","embeddable":true,"href":"https:\/\/palmaequipmentrental.com\/de\/wp-json\/wp\/v2\/product_tag?post=3711"}],"curies":[{"name":"wp","href":"https:\/\/api.w.org\/{rel}","templated":true}]}}